{"id":149,"date":"2021-01-05T19:26:29","date_gmt":"2021-01-05T19:26:29","guid":{"rendered":"https:\/\/operationdental.com\/careers\/"},"modified":"2025-12-22T18:56:47","modified_gmt":"2025-12-22T18:56:47","slug":"careers","status":"publish","type":"page","link":"https:\/\/operationdental.com\/es\/careers\/","title":{"rendered":"Carreras profesionales"},"content":{"rendered":"<div id=\"cs-content\" class=\"cs-content\"><div class=\"x-section e149-e1 m45-0 m45-1 m45-2 m45-3\"><div class=\"x-bg\" aria-hidden=\"true\"><div class=\"x-bg-layer-lower-custom\"><div class=\"hd-background-image\"><\/div><\/div><\/div><div class=\"x-row x-container max width e149-e2 m45-7 m45-8 m45-9 m45-a m45-b m45-c m45-d m45-e m45-f m45-g m45-q m45-r\"><div class=\"x-row-inner\"><div class=\"x-col e149-e3 m45-13\"><div class=\"x-text x-content e149-e4 m45-1b m45-1c m45-1d m45-1e m45-1f m45-1g m45-1h\">Todo viaje comienza <span style=\"color: #3cbfd0;\">Dando el primer paso<\/span><\/div><div class=\"x-text x-content e149-e5 m45-1b m45-1c m45-1g m45-1h m45-1i m45-1j\">Operation Dental est\u00e1 contratando a personas con talento y gran personalidad.<\/div><\/div><div class=\"x-col e149-e6 m45-13 m45-14 m45-15 m45-16\"><div class=\"x-div e149-e7-v0 m45-24 m45-25 m45-26 m45-27 m45-28 m45-29 m45-2a\"><span class=\"x-image e149-e7-v1 m45-2i m45-2j\"><img decoding=\"async\" src=\"https:\/\/operationdental.com\/wp-content\/uploads\/2025\/08\/Jennifer.jpg\" srcset=\"https:\/\/operationdental.com\/wp-content\/uploads\/2025\/08\/Jennifer.jpg 1200w, https:\/\/operationdental.com\/wp-content\/uploads\/2025\/08\/Jennifer-300x169.jpg 300w, https:\/\/operationdental.com\/wp-content\/uploads\/2025\/08\/Jennifer-1024x576.jpg 1024w, https:\/\/operationdental.com\/wp-content\/uploads\/2025\/08\/Jennifer-768x432.jpg 768w, https:\/\/operationdental.com\/wp-content\/uploads\/2025\/08\/Jennifer-18x10.jpg 18w, https:\/\/operationdental.com\/wp-content\/uploads\/2025\/08\/Jennifer-100x56.jpg 100w\" sizes=\"(max-width: 1200px) 100vw, 1200px\" alt=\"Headshot of \"><\/span><div class=\"x-div e149-e7-v2 m45-24 m45-25 m45-27 m45-2a m45-2b m45-2c m45-2d m45-2e m45-2f\"><div class=\"x-div e149-e7-v3 m45-24 m45-25 m45-27 m45-29 m45-2a m45-2b m45-2c m45-2e m45-2f\"><div class=\"x-text x-content e149-e7-v4 m45-1c m45-1d m45-1f m45-1g m45-1k m45-1l m45-1m m45-1n m45-1o\">Jennifer, Subdirectora<\/div><div class=\"x-text x-content e149-e7-v5 m45-1c m45-1d m45-1g m45-1l m45-1n m45-1o m45-1p m45-1q\">Palm Spring Dental<\/div><\/div><div class=\"x-anchor x-anchor-toggle has-graphic e149-e7-v6 m45-2l m45-2m m45-2n m45-2o\" tabindex=\"0\" role=\"button\" data-x-toggle=\"1\" data-x-toggleable=\"e149-e7-v6\" data-x-toggle-overlay=\"1\" aria-controls=\"e149-e7-v6-modal\" aria-expanded=\"false\" aria-haspopup=\"true\" aria-label=\"Alternar contenido modal\"><div class=\"x-anchor-content\"><span class=\"x-graphic\" aria-hidden=\"true\"><span class=\"x-icon x-graphic-child x-graphic-icon x-graphic-primary\" aria-hidden=\"true\"><svg xmlns=\"http:\/\/www.w3.org\/2000\/svg\" viewbox=\"0 0 576 512\"><!--! Font Awesome Pro 6.7.2 by @fontawesome - https:\/\/fontawesome.com License - https:\/\/fontawesome.com\/license (Commercial License) Copyright 2024 Fonticons, Inc. --><path d=\"M64 112c-8.8 0-16 7.2-16 16l0 256c0 8.8 7.2 16 16 16l256 0c8.8 0 16-7.2 16-16l0-256c0-8.8-7.2-16-16-16L64 112zM0 128C0 92.7 28.7 64 64 64l256 0c35.3 0 64 28.7 64 64l0 33 0 190 0 33c0 35.3-28.7 64-64 64L64 448c-35.3 0-64-28.7-64-64L0 128zM528 363.4l0-214.7L416 199l0-52.6L520.3 99.5c5.1-2.3 10.6-3.5 16.2-3.5c21.8 0 39.5 17.7 39.5 39.5l0 241c0 21.8-17.7 39.5-39.5 39.5c-5.6 0-11.1-1.2-16.2-3.5L416 365.6l0-52.6 112 50.4z\"\/><\/svg><\/span><\/span><div class=\"x-anchor-text\"><span class=\"x-anchor-text-primary\">Ver la historia<\/span><\/div><\/div><\/div><\/div><\/div><\/div><\/div><\/div><\/div><div class=\"x-section e149-e8 m45-0 m45-4 m45-5\"><div class=\"x-row x-container max width e149-e9 m45-7 m45-8 m45-9 m45-a m45-b m45-c m45-f m45-h m45-s m45-t\"><div class=\"x-row-inner\"><div class=\"x-col e149-e10 m45-13\"><div class=\"x-text x-content e149-e11 m45-1b m45-1c m45-1d m45-1f m45-1g m45-1n m45-1r m45-1s\">La odontolog\u00eda es <span style=\"color: #2d95a2;\">Personas<\/span><\/div><div class=\"x-text x-content e149-e12 m45-1c m45-1d m45-1g m45-1q m45-1s m45-1t m45-1u m45-1v m45-1w\">Si quieres trabajar para una empresa de r\u00e1pido crecimiento que <span style=\"color: #2d95a2;\">valora a las personas por encima de los beneficios,<\/span> entonces queremos hablar contigo. Puedes marcar realmente la diferencia y seguir creciendo con Operation Dental.<\/div><div class=\"x-text x-content e149-e13 m45-1c m45-1d m45-1g m45-1q m45-1s m45-1t m45-1u m45-1w m45-1x\">Suministramos todo lo que los empleados excepcionales necesitan para triunfar.<\/div><\/div><\/div><\/div><div class=\"x-row x-container max width e149-e14 m45-7 m45-9 m45-a m45-b m45-c m45-e m45-g m45-i m45-j m45-q m45-u\"><div class=\"x-row-inner\"><div class=\"x-col e149-e15 m45-13\"><div class=\"x-div e149-e16-v0 m45-24 m45-25 m45-26 m45-27 m45-29 m45-2c m45-2e m45-2g\"><span class=\"x-image e149-e16-v1 m45-2i m45-2k\"><img decoding=\"async\" src=\"https:\/\/operationdental.com\/wp-content\/uploads\/2021\/03\/WorkLife_icon.png\" srcset=\"https:\/\/operationdental.com\/wp-content\/uploads\/2021\/03\/WorkLife_icon.png 300w, https:\/\/operationdental.com\/wp-content\/uploads\/2021\/03\/WorkLife_icon-150x150.png 150w, https:\/\/operationdental.com\/wp-content\/uploads\/2021\/03\/WorkLife_icon-100x100.png 100w\" sizes=\"(max-width: 300px) 100vw, 300px\" alt=\"Work\/Life Balance Icon\"><\/span><div class=\"x-text x-content e149-e16-v2 m45-1b m45-1c m45-1d m45-1f m45-1g m45-1m m45-1n m45-1y\">CONCILIACI\u00d3N DE LA VIDA LABORAL Y FAMILIAR<\/div><div class=\"x-text x-content e149-e16-v3 m45-1c m45-1d m45-1g m45-1n m45-1q m45-1s m45-1u m45-1x m45-1z\">Disfrute trabajando para una empresa en la que el trabajo se queda en la oficina.<\/div><div class=\"x-text x-content e149-e16-v4 m45-1c m45-1d m45-1g m45-1n m45-1q m45-1s m45-1t m45-1u m45-1x\">Tambi\u00e9n ofrecemos d\u00edas de vacaciones pagadas, d\u00edas festivos pagados y un gran ambiente de trabajo.<\/div><\/div><\/div><div class=\"x-col e149-e17 m45-13\"><div class=\"x-div e149-e18-v0 m45-24 m45-25 m45-26 m45-27 m45-29 m45-2c m45-2e m45-2g\"><span class=\"x-image e149-e18-v1 m45-2i m45-2k\"><img decoding=\"async\" src=\"https:\/\/operationdental.com\/wp-content\/uploads\/2021\/03\/Benefits_Icon.png\" srcset=\"https:\/\/operationdental.com\/wp-content\/uploads\/2021\/03\/Benefits_Icon.png 300w, https:\/\/operationdental.com\/wp-content\/uploads\/2021\/03\/Benefits_Icon-150x150.png 150w, https:\/\/operationdental.com\/wp-content\/uploads\/2021\/03\/Benefits_Icon-100x100.png 100w\" sizes=\"(max-width: 300px) 100vw, 300px\" alt=\"Work\/Life Balance Icon\"><\/span><div class=\"x-text x-content e149-e18-v2 m45-1b m45-1c m45-1d m45-1f m45-1g m45-1m m45-1n m45-1y\">GRANDES VENTAJAS<\/div><div class=\"x-text x-content e149-e18-v3 m45-1c m45-1d m45-1g m45-1n m45-1q m45-1s m45-1u m45-1x m45-1z\">Nos preocupamos por el bienestar de nuestros empleados.<\/div><div class=\"x-text x-content e149-e18-v4 m45-1c m45-1d m45-1g m45-1n m45-1q m45-1s m45-1t m45-1u m45-1x\">Ofrecemos seguro m\u00e9dico, cobertura de recetas, seguro de visi\u00f3n y, por supuesto, prestaciones dentales.<\/div><\/div><\/div><div class=\"x-col e149-e19 m45-13\"><div class=\"x-div e149-e20-v0 m45-24 m45-25 m45-26 m45-27 m45-29 m45-2c m45-2e m45-2g\"><span class=\"x-image e149-e20-v1 m45-2i m45-2k\"><img decoding=\"async\" src=\"https:\/\/operationdental.com\/wp-content\/uploads\/2021\/03\/Career_icon.png\" srcset=\"https:\/\/operationdental.com\/wp-content\/uploads\/2021\/03\/Career_icon.png 300w, https:\/\/operationdental.com\/wp-content\/uploads\/2021\/03\/Career_icon-150x150.png 150w, https:\/\/operationdental.com\/wp-content\/uploads\/2021\/03\/Career_icon-100x100.png 100w\" sizes=\"(max-width: 300px) 100vw, 300px\" alt=\"Work\/Life Balance Icon\"><\/span><div class=\"x-text x-content e149-e20-v2 m45-1b m45-1c m45-1d m45-1f m45-1g m45-1m m45-1n m45-1y\">PROMOCI\u00d3N PROFESIONAL<\/div><div class=\"x-text x-content e149-e20-v3 m45-1c m45-1d m45-1g m45-1n m45-1q m45-1s m45-1u m45-1x m45-1z\">Operation Dental cree en el suministro de las herramientas que necesitas para avanzar en tu carrera.<\/div><div class=\"x-text x-content e149-e20-v4 m45-1c m45-1d m45-1g m45-1n m45-1q m45-1s m45-1t m45-1u m45-1x\">Ofrecemos formaci\u00f3n y desarrollo profesional para un crecimiento profesional continuo.<\/div><\/div><\/div><\/div><\/div><div class=\"x-row x-container max width e149-e21 m45-7 m45-8 m45-9 m45-a m45-b m45-c m45-f m45-h m45-s m45-v\"><div class=\"x-row-inner\"><div class=\"x-col e149-e22 m45-13\"><div class=\"x-text x-content e149-e23 m45-1b m45-1c m45-1d m45-1f m45-1g m45-1n m45-1r m45-1s\">\u00danase a un grupo odontol\u00f3gico <span style=\"color: #2d95a2;\">Usted<\/span> \u00a1Primero!<\/div><\/div><\/div><\/div><\/div><div class=\"x-section e149-e24 m45-0 m45-2 m45-5 m45-6\"><div class=\"x-row x-container max width e149-e25 m45-7 m45-8 m45-9 m45-b m45-h m45-k m45-l m45-s m45-w\"><div class=\"x-row-inner\"><div class=\"x-col e149-e26 m45-13\"><div class=\"x-text x-content e149-e27 m45-1c m45-1d m45-1f m45-1g m45-1n m45-1r m45-1s m45-1u m45-1v m45-1z\">Actual <span style=\"color: #2d95a2;\">Aberturas<\/span><\/div><div class=\"x-div e149-e28 m45-27 m45-29 m45-2a m45-2e m45-2f\"><div class=\"x-content-area x-hide-lg x-hide-md x-hide-sm x-hide-xl x-hide-xs e149-e29 m45-2x\"><span><iframe width=\"100%\" height=\"800px\" src=\"https:\/\/www.indeedjobs.com\/operation-dental-llc\/_hl\/en_US?cpref=JXWAtnzf3XWjLOi4YeVNLqyMzQ_zPWPBbK0_GEDwSPo\" frameborder=\"\u201d0\u201d\" scrolling=\"\u201cyes\u201d\" align=\"\u201cleft\u201d\"><\/iframe><\/span><\/div><div class='sk-ww-indeed-jobs' data-embed-id='25450460'><\/div><script src='https:\/\/widgets.sociablekit.com\/indeed-jobs\/widget.js' defer><\/script><\/div><\/div><\/div><\/div><\/div><div class=\"x-section e149-e31 m45-0 m45-2 m45-5 m45-6\"><div class=\"x-row x-container max width e149-e32 m45-7 m45-8 m45-9 m45-b m45-c m45-f m45-h m45-m m45-s m45-x\"><div class=\"x-row-inner\"><div class=\"x-col e149-e33 m45-13\"><div class=\"x-text x-content e149-e34 m45-1c m45-1d m45-1f m45-1g m45-1n m45-1r m45-1s m45-1u m45-1v m45-1z\">Futuro <span style=\"color: #2d95a2;\">Aberturas<\/span><\/div><\/div><\/div><\/div><div class=\"x-row x-container max width e149-e35 m45-7 m45-8 m45-9 m45-b m45-f m45-h m45-l m45-n m45-s m45-y\"><div class=\"x-row-inner\"><div class=\"x-col e149-e36 m45-13\"><div class=\"x-text x-content e149-e37 m45-1b m45-1c m45-1d m45-1f m45-1g m45-1w m45-1y m45-20\">Dentista general<\/div><div class=\"x-text x-content e149-e38 m45-1c m45-1d m45-1g m45-1q m45-1s m45-1t m45-1u m45-1v m45-1w\">Buscamos continuamente dentistas con ideas afines que puedan ser grandes socios. Si desea llevar su carrera al siguiente nivel (incluso si acaba de empezar), nos encantar\u00eda tener la oportunidad de discutir c\u00f3mo Operation Dental puede trabajar para usted y con usted. H\u00e1ganos saber sus objetivos y podremos ayudarle a conseguirlos.<\/div><div class=\"x-text x-content e149-e39 m45-1c m45-1d m45-1g m45-1q m45-1s m45-1u m45-1v m45-1w m45-1z\">Aunque no est\u00e9 interesado en nuestras vacantes actuales, podemos encontrar una excelente oportunidad para usted. Siempre buscamos personas con aptitudes y talento \u00fanicos que encajen bien y compartan los mismos valores.<\/div><div class=\"x-text x-content e149-e40 m45-1c m45-1d m45-1g m45-1q m45-1s m45-1u m45-1v m45-1w m45-1z\">Hablemos y veamos si podemos trabajar juntos.<\/div><\/div><\/div><\/div><\/div><div class=\"x-section e149-e41 m45-0 m45-2 m45-5 m45-6\"><div class=\"x-row e149-e42 m45-7 m45-8 m45-9 m45-g m45-j m45-o m45-q m45-z\"><div class=\"x-row-inner\"><div class=\"x-col e149-e43 m45-13\"><div class=\"x-section e149-e44-v0 m45-0 m45-2 m45-3 m45-6\"><div class=\"x-row e149-e44-v1 m45-8 m45-9 m45-f m45-m m45-p m45-10\"><div class=\"x-bg\"><div class=\"x-bg-layer-lower-img\"><img decoding=\"async\" src=\"https:\/\/operationdental.com\/wp-content\/uploads\/2024\/10\/Homepage-Paths-1.png\" alt=\"Operation Dental Logo background\"\/><\/div><div class=\"x-bg-layer-upper-custom\" aria-hidden=\"true\"><div class=\"overlay\"><\/div><\/div><\/div><div class=\"x-row-inner\"><div class=\"x-col e149-e44-v2 m45-13 m45-14 m45-15 m45-16 m45-17\"><div class=\"x-text x-content e149-e44-v3 m45-1b m45-1c m45-1d m45-1f m45-1j m45-1n m45-1o m45-21\">\u00bfQuiere un futuro mejor en la odontolog\u00eda?<\/div><div class=\"x-text x-content e149-e44-v4 m45-1c m45-1d m45-1f m45-1g m45-1m m45-1n m45-1o m45-1u m45-1z m45-22\">Encuentre un camino mejor con la Operaci\u00f3n Dental: El DSO de las personas antes que los beneficios.<\/div><div class=\"x-anchor x-anchor-toggle e149-e44-v5 m45-2m m45-2n m45-2p m45-2q\" tabindex=\"0\" role=\"button\" data-x-toggle=\"1\" data-x-toggleable=\"e149-e44-v5\" data-x-toggle-overlay=\"1\" aria-controls=\"e149-e44-v5-modal\" aria-expanded=\"false\" aria-haspopup=\"true\" aria-label=\"Alternar contenido modal\"><div class=\"x-anchor-content\"><div class=\"x-anchor-text\"><span class=\"x-anchor-text-primary\">Empiece hoy mismo<\/span><\/div><\/div><\/div><\/div><\/div><\/div><\/div><\/div><\/div><\/div><\/div><\/div>","protected":false},"excerpt":{"rendered":"<p>Todo viaje comienza dando el primer paso. Operation Dental busca personas con talento y gran personalidad. Jennifer, subdirectora. Palm Spring Dental. Ver historia. La odontolog\u00eda es gente. Si quieres trabajar en una empresa en r\u00e1pido crecimiento que valora a las personas por encima de los beneficios, queremos hablar contigo. Puedes marcar la diferencia y seguir creciendo con Operation Dental. Ofrecemos todo lo que los empleados excepcionales... <\/p>\n<div><a href=\"https:\/\/operationdental.com\/es\/careers\/\" class=\"more-link\">Seguir leyendo<\/a><\/div>","protected":false},"author":1,"featured_media":0,"parent":0,"menu_order":0,"comment_status":"closed","ping_status":"closed","template":"template-blank-4.php","meta":{"footnotes":""},"class_list":["post-149","page","type-page","status-publish","hentry","no-post-thumbnail"],"aioseo_notices":[],"_links":{"self":[{"href":"https:\/\/operationdental.com\/es\/wp-json\/wp\/v2\/pages\/149","targetHints":{"allow":["GET"]}}],"collection":[{"href":"https:\/\/operationdental.com\/es\/wp-json\/wp\/v2\/pages"}],"about":[{"href":"https:\/\/operationdental.com\/es\/wp-json\/wp\/v2\/types\/page"}],"author":[{"embeddable":true,"href":"https:\/\/operationdental.com\/es\/wp-json\/wp\/v2\/users\/1"}],"replies":[{"embeddable":true,"href":"https:\/\/operationdental.com\/es\/wp-json\/wp\/v2\/comments?post=149"}],"version-history":[{"count":0,"href":"https:\/\/operationdental.com\/es\/wp-json\/wp\/v2\/pages\/149\/revisions"}],"wp:attachment":[{"href":"https:\/\/operationdental.com\/es\/wp-json\/wp\/v2\/media?parent=149"}],"curies":[{"name":"wp","href":"https:\/\/api.w.org\/{rel}","templated":true}]}}