{"id":286,"date":"2021-02-04T01:29:18","date_gmt":"2021-02-04T01:29:18","guid":{"rendered":"https:\/\/operationdental.com\/peter-kelly-dds\/"},"modified":"2025-12-22T15:00:57","modified_gmt":"2025-12-22T15:00:57","slug":"peter-kelly-dds","status":"publish","type":"page","link":"https:\/\/operationdental.com\/es\/peter-kelly-dds\/","title":{"rendered":"Peter Kelly, DDS"},"content":{"rendered":"<div id=\"cs-content\" class=\"cs-content\"><div class=\"x-section e286-e1 m7y-0 m7y-1 m7y-2\"><div class=\"x-row x-container max width e286-e2 m7y-d m7y-e m7y-f m7y-g m7y-h m7y-i m7y-j m7y-k m7y-l m7y-t m7y-u\"><div class=\"x-row-inner\"><div class=\"x-col e286-e3 m7y-13 m7y-14 m7y-15\"><div class=\"x-text x-content e286-e4 m7y-1j m7y-1k m7y-1l m7y-1m m7y-1n m7y-1o m7y-1p m7y-1q m7y-1r m7y-1s\"><span style=\"color: #3cbfd0;\">Peter Kelly,<\/span> DDS<\/div><div class=\"x-text x-content e286-e5 m7y-1j m7y-1k m7y-1l m7y-1p m7y-1q m7y-1r m7y-1s m7y-1t m7y-1u\">Consejero Delegado<\/div><a class=\"x-div e286-e6 m7y-2d m7y-2e m7y-2f m7y-2g m7y-2h m7y-2i m7y-2j\" href=\"https:\/\/operationdental.com\/es\/about-us\/\"><div class=\"x-text x-content e286-e7 m7y-1j m7y-1k m7y-1l m7y-1p m7y-1q m7y-1t m7y-1v m7y-1w\">Qui\u00e9nes somos<\/div><\/a><\/div><div class=\"x-col x-hide-lg x-hide-md x-hide-sm x-hide-xl x-hide-xs e286-e8 m7y-13 m7y-14 m7y-16\"><\/div><\/div><\/div><\/div><div class=\"x-section e286-e9 m7y-0 m7y-2 m7y-3\"><div class=\"x-row x-container max width e286-e10 m7y-d m7y-e m7y-f m7y-g m7y-h m7y-l m7y-m m7y-n m7y-v\"><div class=\"x-row-inner\"><div class=\"x-col e286-e11 m7y-13 m7y-14 m7y-16 m7y-17 m7y-18 m7y-19 m7y-1a m7y-1b\"><span class=\"x-image e286-e12 m7y-35\"><img decoding=\"async\" src=\"https:\/\/operationdental.com\/wp-content\/uploads\/2021\/04\/02_peter.png\" srcset=\"https:\/\/operationdental.com\/wp-content\/uploads\/2021\/04\/02_peter.png 400w, https:\/\/operationdental.com\/wp-content\/uploads\/2021\/04\/02_peter-300x300.png 300w, https:\/\/operationdental.com\/wp-content\/uploads\/2021\/04\/02_peter-150x150.png 150w, https:\/\/operationdental.com\/wp-content\/uploads\/2021\/04\/02_peter-100x100.png 100w\" sizes=\"(max-width: 400px) 100vw, 400px\" alt=\"Image\"><\/span><\/div><div class=\"x-col e286-e13 m7y-13 m7y-14 m7y-16 m7y-17 m7y-18 m7y-19 m7y-1b m7y-1c\"><div class=\"x-text x-content e286-e14 m7y-1k m7y-1l m7y-1m m7y-1p m7y-1q m7y-1s m7y-1x m7y-1y m7y-1z m7y-20 m7y-21\">El cofundador, el Dr. Peter Kelly, aporta una amplia experiencia odontol\u00f3gica a Operation Dental como dentista en ejercicio y propietario de m\u00faltiples consultas. Junto con su experiencia en odontolog\u00eda general, aporta un compromiso con la atenci\u00f3n al paciente superior y proporciona pr\u00e1cticas dentales de vanguardia. Su enfoque en la creaci\u00f3n de una experiencia positiva del paciente se ve reforzada por un comportamiento profesional pero atento que ha ganado cr\u00edticas muy favorables y ha contribuido a una larga y exitosa carrera. El Dr. Kelly encarna el esp\u00edritu emprendedor y se enorgullece de ayudar a otros profesionales dentales a desarrollar todo su potencial.\n<br\/><br\/>\nEl Dr. Kelly se licenci\u00f3 en microbiolog\u00eda por la Universidad de Florida antes de asistir a la prestigiosa Facultad de Odontolog\u00eda de la Universidad de Maryland Baltimore. Sus esfuerzos filantr\u00f3picos incluyen el \"D\u00eda de la odontolog\u00eda desde el coraz\u00f3n\", en el que \u00e9l y su personal ofrecen servicios dentales gratuitos a miembros desatendidos de la comunidad, as\u00ed como viajes anuales de voluntariado a El Salvador para ofrecer servicios dentales a cientos de pacientes necesitados.<\/div><\/div><\/div><\/div><\/div><div class=\"x-section e286-e15 m7y-0 m7y-1 m7y-2 m7y-4\"><div class=\"x-row x-container max width e286-e16 m7y-d m7y-e m7y-g m7y-h m7y-i m7y-j m7y-l m7y-o m7y-w\"><div class=\"x-row-inner\"><div class=\"x-col e286-e17 m7y-13 m7y-14 m7y-16\"><div class=\"x-text x-content e286-e18 m7y-1j m7y-1k m7y-1l m7y-1m m7y-1o m7y-1p m7y-1q m7y-1s m7y-20 m7y-21 m7y-22\"><span style=\"color: #2d95a2;\">Dr. Kelly's<\/span> Noticias y notas<\/div><div class=\"x-row e286-e19 m7y-d m7y-e m7y-i m7y-l m7y-n m7y-p m7y-q m7y-x\"><div class=\"x-row-inner\"><a class=\"x-col e286-e20 m7y-13 m7y-16 m7y-1d m7y-6 m7y-7 m7y-8\" href=\"https:\/\/operationdental.com\/es\/operation-dentals-ceo-dr-peter-kelly-was-a-panelist-at-the-2021-dental-entrepreneur-organization-deo-spring-elite-intensive-scaling-up-clinical-conference-april-15-17-2021\/\" data-x-effect-provider=\"colors particles effects\" data-x-effect=\"{&quot;durationBase&quot;:&quot;500ms&quot;}\"><div class=\"x-div e286-e21 m7y-2d m7y-2e m7y-2g m7y-2k m7y-2l m7y-2m m7y-2n m7y-2o m7y-2p m7y-2q m7y-6\"><div class=\"x-div e286-e22 m7y-2d m7y-2e m7y-2g m7y-2h m7y-2i m7y-2j m7y-2k m7y-2m m7y-2o m7y-2q m7y-2r m7y-2s m7y-2t\"><div class=\"x-div e286-e23 m7y-2d m7y-2e m7y-2g m7y-2h m7y-2i m7y-2j m7y-2k m7y-2m m7y-2o m7y-2q m7y-2r m7y-2u m7y-2v\"><div class=\"x-div e286-e24 m7y-2d m7y-2e m7y-2g m7y-2h m7y-2j m7y-2k m7y-2m m7y-2q m7y-2r m7y-2s m7y-2w\"><span class=\"x-anchor x-anchor-button e286-e25 m7y-37 m7y-38 m7y-39 m7y-3a m7y-3b m7y-3c\" tabindex=\"0\"><div class=\"x-anchor-content\"><div class=\"x-anchor-text\"><span class=\"x-anchor-text-primary\">Evento<\/span><\/div><\/div><\/span><\/div><\/div><\/div><div class=\"x-div e286-e26 m7y-2d m7y-2e m7y-2g m7y-2h m7y-2i m7y-2j m7y-2k m7y-2m m7y-2r m7y-2s m7y-2x m7y-2y m7y-2z\"><div class=\"x-text x-content e286-e27 m7y-1j m7y-1k m7y-1l m7y-23 m7y-24 m7y-25 m7y-6\">15 de abril de 2021<\/div><\/div><div class=\"x-text x-text-headline e286-e28 m7y-3i m7y-3j\"><div class=\"x-text-content\"><div class=\"x-text-content-text\"><h2 class=\"x-text-content-text-primary\">El director general de Operation Dental, el Dr. Peter Kelly, fue uno de los panelistas en el 2021 Dental Entrepreneur Organization (DEO) Spring Elite Intensive: Scaling Up Clinical Conference, del 15 al 17 de abril de 2021.<\/h2>\n<\/div><\/div><\/div><figure class=\"x-div e286-e29 m7y-2d m7y-2e m7y-2g m7y-2h m7y-2i m7y-2j m7y-2q m7y-30 m7y-7 m7y-9\" data-x-effect=\"{&quot;durationBase&quot;:&quot;1000ms&quot;}\"><span class=\"x-image e286-e30 m7y-35 m7y-36\"><img decoding=\"async\" src=\"https:\/\/operationdental.com\/wp-content\/uploads\/2021\/04\/Peter.jpg\" srcset=\"https:\/\/operationdental.com\/wp-content\/uploads\/2021\/04\/Peter.jpg 627w, https:\/\/operationdental.com\/wp-content\/uploads\/2021\/04\/Peter-219x300.jpg 219w, https:\/\/operationdental.com\/wp-content\/uploads\/2021\/04\/Peter-100x137.jpg 100w\" sizes=\"(max-width: 627px) 100vw, 627px\" alt=\"Featured image for \u201cOperation Dental&#8217;s CEO, Dr. Peter Kelly, was a panelist at the 2021 Dental Entrepreneur Organization (DEO) Spring Elite Intensive: Scaling Up Clinical Conference, April 15-17, 2021.\u201d\"><\/span><\/figure><div class=\"x-div e286-e31 m7y-2d m7y-2e m7y-2g m7y-2h m7y-2i m7y-2j m7y-2k m7y-2m m7y-2o m7y-2q m7y-2r m7y-2s m7y-2t\"><div class=\"x-div e286-e32 m7y-2d m7y-2e m7y-2g m7y-2h m7y-2i m7y-2j m7y-2k m7y-2m m7y-2q m7y-2r m7y-2u\"><div class=\"x-text x-content e286-e33 m7y-1j m7y-1k m7y-1q m7y-1t m7y-25 m7y-26 m7y-27\">Peter Kelly<\/div><div class=\"x-text x-content e286-e34 m7y-1j m7y-1k m7y-1l m7y-1q m7y-1s m7y-23 m7y-27 m7y-28\">&nbsp;\/&nbsp;<\/div><\/div><\/div><\/div><\/a><div class=\"x-col e286-e35 m7y-13 m7y-14 m7y-16 m7y-17 m7y-18 m7y-1e m7y-1f\"><div class=\"x-div e286-e41 m7y-2d m7y-2e m7y-2h m7y-2j m7y-2k m7y-2q m7y-2r m7y-2s m7y-33\"><a class=\"x-anchor x-anchor-button has-graphic e286-e42 m7y-37 m7y-38 m7y-39 m7y-3c m7y-3d m7y-3e m7y-3f m7y-a m7y-c\" tabindex=\"0\" href=\"https:\/\/operationdental.com\/es\/news\/\"><div class=\"x-anchor-content\"><span class=\"x-graphic\" aria-hidden=\"true\"><span class=\"x-icon x-graphic-child x-graphic-icon x-graphic-primary\" aria-hidden=\"true\"><svg xmlns=\"http:\/\/www.w3.org\/2000\/svg\" viewbox=\"0 0 448 512\"><!--! Font Awesome Pro 6.7.2 by @fontawesome - https:\/\/fontawesome.com License - https:\/\/fontawesome.com\/license (Commercial License) Copyright 2024 Fonticons, Inc. --><path d=\"M440.6 273.4c4.7-4.5 7.4-10.8 7.4-17.4s-2.7-12.8-7.4-17.4l-176-168c-9.6-9.2-24.8-8.8-33.9 .8s-8.8 24.8 .8 33.9L364.1 232 24 232c-13.3 0-24 10.7-24 24s10.7 24 24 24l340.1 0L231.4 406.6c-9.6 9.2-9.9 24.3-.8 33.9s24.3 9.9 33.9 .8l176-168z\"\/><\/svg><\/span><\/span><div class=\"x-anchor-text\"><span class=\"x-anchor-text-primary\">Ver todos<\/span><\/div><\/div><\/a><\/div><\/div><\/div><\/div><\/div><\/div><\/div><\/div><div class=\"x-section e286-e43 m7y-0 m7y-1 m7y-2\"><div class=\"x-row e286-e44 m7y-d m7y-e m7y-h m7y-i m7y-j m7y-p m7y-r m7y-y m7y-z\"><div class=\"x-row-inner\"><div class=\"x-col e286-e45 m7y-13 m7y-14 m7y-16\"><div class=\"x-section e286-e46-v0 m7y-0 m7y-1 m7y-5\"><div class=\"x-row e286-e46-v1 m7y-e m7y-h m7y-i m7y-j m7y-k m7y-l m7y-s m7y-t m7y-10\"><div class=\"x-bg\"><div class=\"x-bg-layer-lower-img\"><img decoding=\"async\" src=\"https:\/\/operationdental.com\/wp-content\/uploads\/2024\/10\/Homepage-Paths-1.png\" alt=\"Operation Dental Logo background\"\/><\/div><div class=\"x-bg-layer-upper-custom\" aria-hidden=\"true\"><div class=\"overlay\"><\/div><\/div><\/div><div class=\"x-row-inner\"><div class=\"x-col e286-e46-v2 m7y-13 m7y-14 m7y-16 m7y-17 m7y-18 m7y-19 m7y-1a m7y-1b m7y-1g\"><div class=\"x-text x-content e286-e46-v3 m7y-1j m7y-1k m7y-1l m7y-1m m7y-1o m7y-1q m7y-1s m7y-1u m7y-29 m7y-2a\">\u00bfQuiere un futuro mejor en la odontolog\u00eda?<\/div><div class=\"x-text x-content e286-e46-v4 m7y-1k m7y-1l m7y-1m m7y-1o m7y-1p m7y-1q m7y-1s m7y-1y m7y-2a m7y-2b\">Encuentre un camino mejor con la Operaci\u00f3n Dental: El DSO de las personas antes que los beneficios.<\/div><div class=\"x-anchor x-anchor-toggle e286-e46-v5 m7y-37 m7y-3a m7y-3c m7y-3f m7y-3g\" tabindex=\"0\" role=\"button\" data-x-toggle=\"1\" data-x-toggleable=\"e286-e46-v5\" data-x-toggle-overlay=\"1\" aria-controls=\"e286-e46-v5-modal\" aria-expanded=\"false\" aria-haspopup=\"true\" aria-label=\"Alternar contenido modal\"><div class=\"x-anchor-content\"><div class=\"x-anchor-text\"><span class=\"x-anchor-text-primary\">Empiece hoy mismo<\/span><\/div><\/div><\/div><\/div><\/div><\/div><\/div><\/div><\/div><\/div><\/div><\/div>","protected":false},"excerpt":{"rendered":"<p>Peter Kelly, DDDirector GeneralSobre nosotrosEl cofundador, el Dr. Peter Kelly, aporta una amplia experiencia odontol\u00f3gica a Operation Dental como dentista en ejercicio y propietario de varias consultas. Junto con su formaci\u00f3n en odontolog\u00eda general, aporta un compromiso con la atenci\u00f3n superior al paciente y proporciona pr\u00e1cticas dentales de vanguardia. Su enfoque en la creaci\u00f3n de una experiencia positiva del paciente se ve reforzada por un comportamiento profesional pero ... <\/p>\n<div><a href=\"https:\/\/operationdental.com\/es\/peter-kelly-dds\/\" class=\"more-link\">Seguir leyendo<\/a><\/div>","protected":false},"author":1,"featured_media":0,"parent":0,"menu_order":0,"comment_status":"closed","ping_status":"closed","template":"template-blank-4.php","meta":{"footnotes":""},"class_list":["post-286","page","type-page","status-publish","hentry","no-post-thumbnail"],"aioseo_notices":[],"_links":{"self":[{"href":"https:\/\/operationdental.com\/es\/wp-json\/wp\/v2\/pages\/286","targetHints":{"allow":["GET"]}}],"collection":[{"href":"https:\/\/operationdental.com\/es\/wp-json\/wp\/v2\/pages"}],"about":[{"href":"https:\/\/operationdental.com\/es\/wp-json\/wp\/v2\/types\/page"}],"author":[{"embeddable":true,"href":"https:\/\/operationdental.com\/es\/wp-json\/wp\/v2\/users\/1"}],"replies":[{"embeddable":true,"href":"https:\/\/operationdental.com\/es\/wp-json\/wp\/v2\/comments?post=286"}],"version-history":[{"count":0,"href":"https:\/\/operationdental.com\/es\/wp-json\/wp\/v2\/pages\/286\/revisions"}],"wp:attachment":[{"href":"https:\/\/operationdental.com\/es\/wp-json\/wp\/v2\/media?parent=286"}],"curies":[{"name":"wp","href":"https:\/\/api.w.org\/{rel}","templated":true}]}}