{"id":292,"date":"2021-02-04T01:52:14","date_gmt":"2021-02-04T01:52:14","guid":{"rendered":"https:\/\/operationdental.com\/david-womble\/"},"modified":"2025-12-22T14:54:25","modified_gmt":"2025-12-22T14:54:25","slug":"david-womble","status":"publish","type":"page","link":"https:\/\/operationdental.com\/es\/david-womble\/","title":{"rendered":"David Womble"},"content":{"rendered":"<div id=\"cs-content\" class=\"cs-content\"><div class=\"x-section e292-e1 m84-0 m84-1 m84-2\"><div class=\"x-row x-container max width e292-e2 m84-d m84-e m84-f m84-g m84-h m84-i m84-j m84-k m84-l m84-t m84-u\"><div class=\"x-row-inner\"><div class=\"x-col e292-e3 m84-13 m84-14 m84-15\"><div class=\"x-text x-content e292-e4 m84-1j m84-1k m84-1l m84-1m m84-1n m84-1o m84-1p m84-1q m84-1r m84-1s\"><span style=\"color: #3cbfd0;\">David Womble<\/span><\/div><div class=\"x-text x-content e292-e5 m84-1j m84-1k m84-1l m84-1p m84-1q m84-1r m84-1s m84-1t m84-1u\">Director de Marketing<\/div><a class=\"x-div e292-e6 m84-2d m84-2e m84-2f m84-2g m84-2h m84-2i m84-2j\" href=\"https:\/\/operationdental.com\/es\/about-us\/\"><div class=\"x-text x-content e292-e7 m84-1j m84-1k m84-1l m84-1p m84-1q m84-1t m84-1v m84-1w\">Qui\u00e9nes somos<\/div><\/a><\/div><div class=\"x-col e292-e8 m84-13 m84-14 m84-16\"><\/div><\/div><\/div><\/div><div class=\"x-section e292-e9 m84-0 m84-2 m84-3\"><div class=\"x-row x-container max width e292-e10 m84-d m84-e m84-f m84-g m84-h m84-l m84-m m84-n m84-v\"><div class=\"x-row-inner\"><div class=\"x-col e292-e11 m84-13 m84-14 m84-16 m84-17 m84-18 m84-19 m84-1a m84-1b\"><span class=\"x-image e292-e12 m84-35\"><img decoding=\"async\" src=\"https:\/\/operationdental.com\/wp-content\/uploads\/2021\/04\/02_dave.png\" srcset=\"https:\/\/operationdental.com\/wp-content\/uploads\/2021\/04\/02_dave.png 400w, https:\/\/operationdental.com\/wp-content\/uploads\/2021\/04\/02_dave-300x300.png 300w, https:\/\/operationdental.com\/wp-content\/uploads\/2021\/04\/02_dave-150x150.png 150w, https:\/\/operationdental.com\/wp-content\/uploads\/2021\/04\/02_dave-100x100.png 100w\" sizes=\"(max-width: 400px) 100vw, 400px\" alt=\"David Womble, CMO\"><\/span><\/div><div class=\"x-col e292-e13 m84-13 m84-14 m84-16 m84-17 m84-18 m84-19 m84-1b m84-1c\"><div class=\"x-text x-content e292-e14 m84-1k m84-1l m84-1m m84-1p m84-1q m84-1s m84-1x m84-1y m84-1z m84-20 m84-21\">David Womble, Director de Marketing, trabaja con cl\u00ednicas dentales para construir su marca, desarrollar estrategias de marketing para llegar a nuevos pacientes y garantizar su reputaci\u00f3n como proveedor dental de confianza. David tiene m\u00e1s de 20 a\u00f1os de experiencia en agencias, ofreciendo dise\u00f1o de marca, concienciaci\u00f3n de marca y estrategias de marketing para organizaciones de todos los tama\u00f1os, desde peque\u00f1as empresas hasta compa\u00f1\u00edas de Fortune 500.\n<br\/><br\/>\nLos mayores puntos fuertes de David son su creatividad, empuje, resoluci\u00f3n de problemas y liderazgo. Entiende los problemas a los que se enfrentan los dentistas en este mundo en constante evoluci\u00f3n y desarrolla soluciones creativas para superar el ruido digital.\n<br\/><br\/>\nDavid es licenciado en Artes, especializado en Artes Gr\u00e1ficas y Marketing, por la Universidad de Florida Central.<\/div><\/div><\/div><\/div><\/div><div class=\"x-section e292-e15 m84-0 m84-1 m84-2 m84-4\"><div class=\"x-row x-container max width e292-e16 m84-d m84-e m84-g m84-h m84-i m84-j m84-l m84-o m84-w\"><div class=\"x-row-inner\"><div class=\"x-col e292-e17 m84-13 m84-14 m84-16\"><div class=\"x-text x-content e292-e18 m84-1j m84-1k m84-1l m84-1m m84-1o m84-1p m84-1q m84-1s m84-20 m84-21 m84-22\"><span style=\"color: #2d95a2;\">Dave's<\/span> Noticias y notas<\/div><div class=\"x-row e292-e19 m84-d m84-e m84-i m84-l m84-n m84-p m84-q m84-x\"><div class=\"x-row-inner\"><a class=\"x-col e292-e20 m84-13 m84-16 m84-1d m84-6 m84-7 m84-8\" href=\"https:\/\/operationdental.com\/es\/the-people-first-ethos-that-defined-our-year-of-growth\/\" data-x-effect-provider=\"colors particles effects\" data-x-effect=\"{&quot;durationBase&quot;:&quot;500ms&quot;}\"><div class=\"x-div e292-e21 m84-2d m84-2e m84-2g m84-2k m84-2l m84-2m m84-2n m84-2o m84-2p m84-2q m84-6\"><div class=\"x-div e292-e22 m84-2d m84-2e m84-2g m84-2h m84-2i m84-2j m84-2k m84-2m m84-2o m84-2q m84-2r m84-2s m84-2t\"><div class=\"x-div e292-e23 m84-2d m84-2e m84-2g m84-2h m84-2i m84-2j m84-2k m84-2m m84-2o m84-2q m84-2r m84-2u m84-2v\"><div class=\"x-div e292-e24 m84-2d m84-2e m84-2g m84-2h m84-2j m84-2k m84-2m m84-2q m84-2r m84-2s m84-2w\"><span class=\"x-anchor x-anchor-button e292-e25 m84-37 m84-38 m84-39 m84-3a m84-3b m84-3c\" tabindex=\"0\"><div class=\"x-anchor-content\"><div class=\"x-anchor-text\"><span class=\"x-anchor-text-primary\">Blog<\/span><\/div><\/div><\/span><\/div><\/div><\/div><div class=\"x-div e292-e26 m84-2d m84-2e m84-2g m84-2h m84-2i m84-2j m84-2k m84-2m m84-2r m84-2s m84-2x m84-2y m84-2z\"><div class=\"x-text x-content e292-e27 m84-1j m84-1k m84-1l m84-23 m84-24 m84-25 m84-6\">30 de diciembre de 2024<\/div><\/div><div class=\"x-text x-text-headline e292-e28 m84-3i m84-3j\"><div class=\"x-text-content\"><div class=\"x-text-content-text\"><h2 class=\"x-text-content-text-primary\">El esp\u00edritu de \"las personas primero\" defini\u00f3 nuestro a\u00f1o de crecimiento<\/h2>\n<\/div><\/div><\/div><figure class=\"x-div e292-e29 m84-2d m84-2e m84-2g m84-2h m84-2i m84-2j m84-2q m84-30 m84-7 m84-9\" data-x-effect=\"{&quot;durationBase&quot;:&quot;1000ms&quot;}\"><span class=\"x-image e292-e30 m84-35 m84-36\"><img decoding=\"async\" src=\"https:\/\/operationdental.com\/wp-content\/uploads\/2021\/10\/Placement-Funding.jpg\" srcset=\"https:\/\/operationdental.com\/wp-content\/uploads\/2021\/10\/Placement-Funding.jpg 800w, https:\/\/operationdental.com\/wp-content\/uploads\/2021\/10\/Placement-Funding-300x300.jpg 300w, https:\/\/operationdental.com\/wp-content\/uploads\/2021\/10\/Placement-Funding-150x150.jpg 150w, https:\/\/operationdental.com\/wp-content\/uploads\/2021\/10\/Placement-Funding-768x768.jpg 768w, https:\/\/operationdental.com\/wp-content\/uploads\/2021\/10\/Placement-Funding-100x100.jpg 100w\" sizes=\"(max-width: 800px) 100vw, 800px\" alt=\"Featured image for \u201cThe People First Ethos that Defined Our Year of Growth\u201d\"><\/span><\/figure><div class=\"x-div e292-e31 m84-2d m84-2e m84-2g m84-2h m84-2i m84-2j m84-2k m84-2m m84-2o m84-2q m84-2r m84-2s m84-2t\"><div class=\"x-div e292-e32 m84-2d m84-2e m84-2g m84-2h m84-2i m84-2j m84-2k m84-2m m84-2q m84-2r m84-2u\"><div class=\"x-text x-content e292-e33 m84-1j m84-1k m84-1q m84-1t m84-25 m84-26 m84-27\">David Womble<\/div><div class=\"x-text x-content e292-e34 m84-1j m84-1k m84-1l m84-1q m84-1s m84-23 m84-27 m84-28\">&nbsp;\/&nbsp;<\/div><\/div><\/div><\/div><\/a><div class=\"x-col e292-e35 m84-13 m84-14 m84-16 m84-17 m84-18 m84-1e m84-1f\"><a class=\"x-div e292-e36 m84-2d m84-2e m84-2g m84-2j m84-2k m84-2n m84-2r m84-2y m84-31\" href=\"https:\/\/operationdental.com\/es\/increasing-dso-patient-engagement-to-drive-revenue-retention\/\" data-x-effect-provider=\"colors particles effects\"><div class=\"x-text x-text-headline e292-e37 m84-3j m84-3k m84-a m84-b\"><div class=\"x-text-content\"><div class=\"x-text-content-text\"><span class=\"x-text-content-text-subheadline\">febrero 9, 2021 - Video - David Womble\n<\/span>\n<h3 class=\"x-text-content-text-primary\">Aumentar el compromiso de los pacientes DSO para impulsar los ingresos y la retenci\u00f3n\n<\/h3><\/div><\/div><\/div><figure class=\"x-div e292-e38 m84-2d m84-2g m84-2i m84-2j m84-2k m84-2l m84-2u m84-2x m84-32\"><span class=\"x-image e292-e39 m84-35 m84-36\"><img decoding=\"async\" src=\"https:\/\/operationdental.com\/wp-content\/uploads\/2021\/01\/dw_doctible_livecast.jpg\" width=\"622\" height=\"351\" alt=\"Featured image for \u201cIncreasing DSO Patient Engagement To Drive Revenue &#038; Retention\u201d\"><\/span><\/figure><\/a><div class=\"x-div e292-e41 m84-2d m84-2e m84-2h m84-2j m84-2k m84-2q m84-2r m84-2s m84-33\"><a class=\"x-anchor x-anchor-button has-graphic e292-e42 m84-37 m84-38 m84-39 m84-3c m84-3d m84-3e m84-3f m84-a m84-c\" tabindex=\"0\" href=\"https:\/\/operationdental.com\/es\/news\/\"><div class=\"x-anchor-content\"><span class=\"x-graphic\" aria-hidden=\"true\"><span class=\"x-icon x-graphic-child x-graphic-icon x-graphic-primary\" aria-hidden=\"true\"><svg xmlns=\"http:\/\/www.w3.org\/2000\/svg\" viewbox=\"0 0 448 512\"><!--! Font Awesome Pro 6.7.2 by @fontawesome - https:\/\/fontawesome.com License - https:\/\/fontawesome.com\/license (Commercial License) Copyright 2024 Fonticons, Inc. --><path d=\"M440.6 273.4c4.7-4.5 7.4-10.8 7.4-17.4s-2.7-12.8-7.4-17.4l-176-168c-9.6-9.2-24.8-8.8-33.9 .8s-8.8 24.8 .8 33.9L364.1 232 24 232c-13.3 0-24 10.7-24 24s10.7 24 24 24l340.1 0L231.4 406.6c-9.6 9.2-9.9 24.3-.8 33.9s24.3 9.9 33.9 .8l176-168z\"\/><\/svg><\/span><\/span><div class=\"x-anchor-text\"><span class=\"x-anchor-text-primary\">Ver todos<\/span><\/div><\/div><\/a><\/div><\/div><\/div><\/div><\/div><\/div><\/div><\/div><div class=\"x-section e292-e43 m84-0 m84-1 m84-2\"><div class=\"x-row e292-e44 m84-d m84-e m84-h m84-i m84-j m84-p m84-r m84-y m84-z\"><div class=\"x-row-inner\"><div class=\"x-col e292-e45 m84-13 m84-14 m84-16\"><div class=\"x-section e292-e46-v0 m84-0 m84-1 m84-5\"><div class=\"x-row e292-e46-v1 m84-e m84-h m84-i m84-j m84-k m84-l m84-s m84-t m84-10\"><div class=\"x-bg\"><div class=\"x-bg-layer-lower-img\"><img decoding=\"async\" src=\"https:\/\/operationdental.com\/wp-content\/uploads\/2024\/10\/Homepage-Paths-1.png\" alt=\"Operation Dental Logo background\"\/><\/div><div class=\"x-bg-layer-upper-custom\" aria-hidden=\"true\"><div class=\"overlay\"><\/div><\/div><\/div><div class=\"x-row-inner\"><div class=\"x-col e292-e46-v2 m84-13 m84-14 m84-16 m84-17 m84-18 m84-19 m84-1a m84-1b m84-1g\"><div class=\"x-text x-content e292-e46-v3 m84-1j m84-1k m84-1l m84-1m m84-1o m84-1q m84-1s m84-1u m84-29 m84-2a\">\u00bfQuiere un futuro mejor en la odontolog\u00eda?<\/div><div class=\"x-text x-content e292-e46-v4 m84-1k m84-1l m84-1m m84-1o m84-1p m84-1q m84-1s m84-1y m84-2a m84-2b\">Encuentre un camino mejor con Operation Dental: The People Before Profits DSO<\/div><div class=\"x-anchor x-anchor-toggle e292-e46-v5 m84-37 m84-3a m84-3c m84-3f m84-3g\" tabindex=\"0\" role=\"button\" data-x-toggle=\"1\" data-x-toggleable=\"e292-e46-v5\" data-x-toggle-overlay=\"1\" aria-controls=\"e292-e46-v5-modal\" aria-expanded=\"false\" aria-haspopup=\"true\" aria-label=\"Alternar contenido modal\"><div class=\"x-anchor-content\"><div class=\"x-anchor-text\"><span class=\"x-anchor-text-primary\">Empiece hoy mismo<\/span><\/div><\/div><\/div><\/div><\/div><\/div><\/div><\/div><\/div><\/div><\/div><\/div>","protected":false},"excerpt":{"rendered":"<p>David WombleDirector de MarketingSobre nosotrosDirector de Marketing David Womble trabaja con cl\u00ednicas dentales para construir su marca, desarrollar estrategias de marketing para llegar a nuevos pacientes y asegurar su reputaci\u00f3n como proveedor dental de confianza. David cuenta con m\u00e1s de 20 a\u00f1os de experiencia en agencias, ofreciendo dise\u00f1o de marca, concienciaci\u00f3n de marca y estrategias de marketing para organizaciones de todos los tama\u00f1os, desde peque\u00f1as empresas hasta ... <\/p>\n<div><a href=\"https:\/\/operationdental.com\/es\/david-womble\/\" class=\"more-link\">Seguir leyendo<\/a><\/div>","protected":false},"author":1,"featured_media":0,"parent":0,"menu_order":0,"comment_status":"closed","ping_status":"closed","template":"template-blank-4.php","meta":{"footnotes":""},"class_list":["post-292","page","type-page","status-publish","hentry","no-post-thumbnail"],"aioseo_notices":[],"_links":{"self":[{"href":"https:\/\/operationdental.com\/es\/wp-json\/wp\/v2\/pages\/292","targetHints":{"allow":["GET"]}}],"collection":[{"href":"https:\/\/operationdental.com\/es\/wp-json\/wp\/v2\/pages"}],"about":[{"href":"https:\/\/operationdental.com\/es\/wp-json\/wp\/v2\/types\/page"}],"author":[{"embeddable":true,"href":"https:\/\/operationdental.com\/es\/wp-json\/wp\/v2\/users\/1"}],"replies":[{"embeddable":true,"href":"https:\/\/operationdental.com\/es\/wp-json\/wp\/v2\/comments?post=292"}],"version-history":[{"count":0,"href":"https:\/\/operationdental.com\/es\/wp-json\/wp\/v2\/pages\/292\/revisions"}],"wp:attachment":[{"href":"https:\/\/operationdental.com\/es\/wp-json\/wp\/v2\/media?parent=292"}],"curies":[{"name":"wp","href":"https:\/\/api.w.org\/{rel}","templated":true}]}}