{"id":3,"date":"2020-11-13T18:38:35","date_gmt":"2020-11-13T18:38:35","guid":{"rendered":"https:\/\/box2126\/cgi\/addon_GT.cgi?s=GT::WP::Install::EIG+%28beyondp8%29+-+10.0.87.61+%5BWordPress%3b+\/var\/hp\/common\/lib\/WordPress.pm%3b+294%3b+Hosting::gap_call%5D\/?page_id=3"},"modified":"2025-12-22T15:02:09","modified_gmt":"2025-12-22T15:02:09","slug":"privacy-policy","status":"publish","type":"page","link":"https:\/\/operationdental.com\/es\/privacy-policy\/","title":{"rendered":"Pol\u00edtica de privacidad"},"content":{"rendered":"<div id=\"cs-content\" class=\"cs-content\"><div class=\"x-section e3-e1 m3-0 m3-1 m3-2\"><div class=\"x-row x-container max width e3-e2 m3-5 m3-6 m3-7 m3-8 m3-9 m3-g m3-h\"><div class=\"x-row-inner\"><div class=\"x-col e3-e3 m3-s m3-t\"><div class=\"x-text x-content e3-e4 m3-16 m3-17 m3-18 m3-19 m3-1a m3-1b m3-1c\"><span style=\"color: #3cbfd0;\">Privacidad<\/span> Pol\u00edtica<\/div><\/div><div class=\"x-col e3-e5 m3-s m3-u\"><\/div><\/div><\/div><\/div><div class=\"x-section e3-e6 m3-0 m3-2 m3-3\"><div class=\"x-row x-container max width e3-e7 m3-5 m3-6 m3-7 m3-8 m3-a m3-i\"><div class=\"x-row-inner\"><div class=\"x-col e3-e8 m3-s m3-u\"><div class=\"x-text x-content e3-e9 m3-16 m3-17 m3-18 m3-19 m3-1b m3-1c m3-1d m3-1e m3-1f\">Pol\u00edtica de privacidad de Operation Dental<\/div><div class=\"x-text x-content e3-e10 m3-16 m3-17 m3-19 m3-1c m3-1e m3-1g m3-1h m3-1i m3-1j\">En Operation Dental, accesible desde https:\/\/operationdental.com, una de nuestras principales prioridades es la privacidad de nuestros visitantes. Este documento de Pol\u00edtica de Privacidad contiene tipos de informaci\u00f3n que es recogida y registrada por Operation Dental y c\u00f3mo la utilizamos.\n<\/br><\/br>\nSi tiene m\u00e1s preguntas o necesita m\u00e1s informaci\u00f3n sobre nuestra Pol\u00edtica de Privacidad, no dude en ponerse en contacto con nosotros.\n<\/br><\/br>\nEsta pol\u00edtica de privacidad se aplica \u00fanicamente a nuestras actividades en l\u00ednea y es v\u00e1lida para los visitantes de nuestro sitio web en lo que respecta a la informaci\u00f3n que compartieron y\/o recogieron en Operation Dental. Esta pol\u00edtica no es aplicable a ninguna informaci\u00f3n recogida fuera de l\u00ednea o a trav\u00e9s de canales distintos de este sitio web.\n<\/div><div class=\"x-text x-content e3-e11 m3-16 m3-17 m3-18 m3-19 m3-1b m3-1c m3-1d m3-1e m3-1f\">Consentimiento<\/div><div class=\"x-text x-content e3-e12 m3-16 m3-17 m3-19 m3-1c m3-1e m3-1g m3-1h m3-1i m3-1j\">Al utilizar nuestro sitio web, usted acepta nuestra Pol\u00edtica de privacidad y est\u00e1 de acuerdo con sus t\u00e9rminos.<\/div><div class=\"x-text x-content e3-e13 m3-16 m3-17 m3-18 m3-19 m3-1b m3-1c m3-1d m3-1e m3-1f\">Informaci\u00f3n que recopilamos<\/div><div class=\"x-text x-content e3-e14 m3-16 m3-17 m3-19 m3-1c m3-1e m3-1g m3-1h m3-1i m3-1j\">La informaci\u00f3n personal que se le pide que proporcione y las razones por las que se le pide que la proporcione se le explican claramente en el momento en que le pedimos que proporcione su informaci\u00f3n personal.\n  <br\/><br\/>\nSi se pone en contacto con nosotros directamente, podemos recibir informaci\u00f3n adicional sobre usted, como su nombre, direcci\u00f3n de correo electr\u00f3nico, n\u00famero de tel\u00e9fono, el contenido del mensaje y\/o los archivos adjuntos que nos env\u00ede y cualquier otra informaci\u00f3n que decida facilitarnos.\n<br\/><br\/>\nCuando se registra para obtener una Cuenta, podemos pedirle su informaci\u00f3n de contacto, incluidos datos como el nombre, el nombre de la empresa, la direcci\u00f3n, la direcci\u00f3n de correo electr\u00f3nico y el n\u00famero de tel\u00e9fono.<\/div><div class=\"x-text x-content e3-e15 m3-16 m3-17 m3-18 m3-19 m3-1b m3-1c m3-1d m3-1e m3-1f\">C\u00f3mo utilizamos su informaci\u00f3n<\/div><div class=\"x-div e3-e16 m3-1q m3-1r m3-1s m3-1t m3-1u m3-1v m3-1w\"><div class=\"x-text x-content e3-e17 m3-16 m3-17 m3-18 m3-19 m3-1c m3-1e m3-1h m3-1i m3-1j\">Utilizamos la informaci\u00f3n que recopilamos de varias formas, entre ellas para:<\/div><ul class=\"x-row e3-e18 m3-7 m3-b m3-c m3-d m3-j m3-k\"><div class=\"x-row-inner\"><li class=\"x-col e3-e19 m3-s m3-u m3-v m3-w m3-x m3-y m3-z\"><figure class=\"x-div e3-e20 m3-1q m3-1r m3-1u m3-1v m3-1x m3-1y m3-1z m3-20\"><span class=\"x-icon e3-e21 m3-25 m3-26\" aria-hidden=\"true\"><svg xmlns=\"http:\/\/www.w3.org\/2000\/svg\" viewbox=\"0 0 320 512\"><!--! Font Awesome Pro 6.7.2 by @fontawesome - https:\/\/fontawesome.com License - https:\/\/fontawesome.com\/license (Commercial License) Copyright 2024 Fonticons, Inc. --><path d=\"M0 256a160 160 0 1 1 320 0A160 160 0 1 1 0 256z\"\/><\/svg><\/span><\/figure><div class=\"x-div e3-e22 m3-1u m3-1v m3-20 m3-21\"><div class=\"x-text x-content e3-e23 m3-16 m3-17 m3-18 m3-1c m3-1h m3-1j m3-1k\">Proporcionar, operar y mantener nuestro sitio web<\/div><\/div><\/li><li class=\"x-col e3-e24 m3-s m3-u m3-v m3-w m3-x m3-y m3-z\"><figure class=\"x-div e3-e25 m3-1q m3-1r m3-1u m3-1v m3-1x m3-1y m3-1z m3-20\"><span class=\"x-icon e3-e26 m3-25 m3-26\" aria-hidden=\"true\"><svg xmlns=\"http:\/\/www.w3.org\/2000\/svg\" viewbox=\"0 0 320 512\"><!--! Font Awesome Pro 6.7.2 by @fontawesome - https:\/\/fontawesome.com License - https:\/\/fontawesome.com\/license (Commercial License) Copyright 2024 Fonticons, Inc. --><path d=\"M0 256a160 160 0 1 1 320 0A160 160 0 1 1 0 256z\"\/><\/svg><\/span><\/figure><div class=\"x-div e3-e27 m3-1u m3-1v m3-20 m3-21\"><div class=\"x-text x-content e3-e28 m3-16 m3-17 m3-18 m3-1c m3-1h m3-1j m3-1k\">Mejorar, personalizar y ampliar nuestro sitio web<\/div><\/div><\/li><li class=\"x-col e3-e29 m3-s m3-u m3-v m3-w m3-x m3-y m3-z\"><figure class=\"x-div e3-e30 m3-1q m3-1r m3-1u m3-1v m3-1x m3-1y m3-1z m3-20\"><span class=\"x-icon e3-e31 m3-25 m3-26\" aria-hidden=\"true\"><svg xmlns=\"http:\/\/www.w3.org\/2000\/svg\" viewbox=\"0 0 320 512\"><!--! Font Awesome Pro 6.7.2 by @fontawesome - https:\/\/fontawesome.com License - https:\/\/fontawesome.com\/license (Commercial License) Copyright 2024 Fonticons, Inc. --><path d=\"M0 256a160 160 0 1 1 320 0A160 160 0 1 1 0 256z\"\/><\/svg><\/span><\/figure><div class=\"x-div e3-e32 m3-1u m3-1v m3-20 m3-21\"><div class=\"x-text x-content e3-e33 m3-16 m3-17 m3-18 m3-1c m3-1h m3-1j m3-1k\">Comprender y analizar c\u00f3mo utiliza nuestro sitio web<\/div><\/div><\/li><li class=\"x-col e3-e34 m3-s m3-u m3-v m3-w m3-x m3-y m3-z\"><figure class=\"x-div e3-e35 m3-1q m3-1r m3-1u m3-1v m3-1x m3-1y m3-1z m3-20\"><span class=\"x-icon e3-e36 m3-25 m3-26\" aria-hidden=\"true\"><svg xmlns=\"http:\/\/www.w3.org\/2000\/svg\" viewbox=\"0 0 320 512\"><!--! Font Awesome Pro 6.7.2 by @fontawesome - https:\/\/fontawesome.com License - https:\/\/fontawesome.com\/license (Commercial License) Copyright 2024 Fonticons, Inc. --><path d=\"M0 256a160 160 0 1 1 320 0A160 160 0 1 1 0 256z\"\/><\/svg><\/span><\/figure><div class=\"x-div e3-e37 m3-1u m3-1v m3-20 m3-21\"><div class=\"x-text x-content e3-e38 m3-16 m3-17 m3-18 m3-1c m3-1h m3-1j m3-1k\">Desarrollar nuevos productos, servicios, caracter\u00edsticas y funcionalidades<\/div><\/div><\/li><li class=\"x-col e3-e39 m3-s m3-u m3-v m3-w m3-x m3-y m3-z\"><figure class=\"x-div e3-e40 m3-1q m3-1r m3-1u m3-1v m3-1x m3-1y m3-1z m3-20\"><span class=\"x-icon e3-e41 m3-25 m3-26\" aria-hidden=\"true\"><svg xmlns=\"http:\/\/www.w3.org\/2000\/svg\" viewbox=\"0 0 320 512\"><!--! Font Awesome Pro 6.7.2 by @fontawesome - https:\/\/fontawesome.com License - https:\/\/fontawesome.com\/license (Commercial License) Copyright 2024 Fonticons, Inc. --><path d=\"M0 256a160 160 0 1 1 320 0A160 160 0 1 1 0 256z\"\/><\/svg><\/span><\/figure><div class=\"x-div e3-e42 m3-1u m3-1v m3-20 m3-21\"><div class=\"x-text x-content e3-e43 m3-16 m3-17 m3-18 m3-1c m3-1h m3-1j m3-1k\">Comunicarnos con usted, ya sea directamente o a trav\u00e9s de uno de nuestros socios, por ejemplo con fines de atenci\u00f3n al cliente, para proporcionarle actualizaciones y otra informaci\u00f3n relacionada con el sitio web, y con fines promocionales y de marketing.<\/div><\/div><\/li><li class=\"x-col e3-e44 m3-s m3-u m3-v m3-w m3-x m3-y m3-z\"><figure class=\"x-div e3-e45 m3-1q m3-1r m3-1u m3-1v m3-1x m3-1y m3-1z m3-20\"><span class=\"x-icon e3-e46 m3-25 m3-26\" aria-hidden=\"true\"><svg xmlns=\"http:\/\/www.w3.org\/2000\/svg\" viewbox=\"0 0 320 512\"><!--! Font Awesome Pro 6.7.2 by @fontawesome - https:\/\/fontawesome.com License - https:\/\/fontawesome.com\/license (Commercial License) Copyright 2024 Fonticons, Inc. --><path d=\"M0 256a160 160 0 1 1 320 0A160 160 0 1 1 0 256z\"\/><\/svg><\/span><\/figure><div class=\"x-div e3-e47 m3-1u m3-1v m3-20 m3-21\"><div class=\"x-text x-content e3-e48 m3-16 m3-17 m3-18 m3-1c m3-1h m3-1j m3-1k\">Enviarle correos electr\u00f3nicos<\/div><\/div><\/li><li class=\"x-col e3-e49 m3-s m3-u m3-v m3-w m3-x m3-y m3-z\"><figure class=\"x-div e3-e50 m3-1q m3-1r m3-1u m3-1v m3-1x m3-1y m3-1z m3-20\"><span class=\"x-icon e3-e51 m3-25 m3-26\" aria-hidden=\"true\"><svg xmlns=\"http:\/\/www.w3.org\/2000\/svg\" viewbox=\"0 0 320 512\"><!--! Font Awesome Pro 6.7.2 by @fontawesome - https:\/\/fontawesome.com License - https:\/\/fontawesome.com\/license (Commercial License) Copyright 2024 Fonticons, Inc. --><path d=\"M0 256a160 160 0 1 1 320 0A160 160 0 1 1 0 256z\"\/><\/svg><\/span><\/figure><div class=\"x-div e3-e52 m3-1u m3-1v m3-20 m3-21\"><div class=\"x-text x-content e3-e53 m3-16 m3-17 m3-18 m3-1c m3-1h m3-1j m3-1k\">Detectar y prevenir el fraude<\/div><\/div><\/li><li class=\"x-col e3-e54 m3-s m3-u m3-v m3-w m3-x m3-y m3-z\"><figure class=\"x-div e3-e55 m3-1q m3-1r m3-1u m3-1v m3-1x m3-1y m3-1z m3-20\"><span class=\"x-icon e3-e56 m3-25 m3-26\" aria-hidden=\"true\"><svg xmlns=\"http:\/\/www.w3.org\/2000\/svg\" viewbox=\"0 0 320 512\"><!--! Font Awesome Pro 6.7.2 by @fontawesome - https:\/\/fontawesome.com License - https:\/\/fontawesome.com\/license (Commercial License) Copyright 2024 Fonticons, Inc. --><path d=\"M0 256a160 160 0 1 1 320 0A160 160 0 1 1 0 256z\"\/><\/svg><\/span><\/figure><div class=\"x-div e3-e57 m3-1u m3-1v m3-20 m3-21\"><div class=\"x-text x-content e3-e58 m3-16 m3-17 m3-18 m3-1c m3-1h m3-1j m3-1k\">Archivos de registro<\/div><\/div><\/li><\/div><\/ul><\/div><div class=\"x-text x-content e3-e59 m3-16 m3-17 m3-19 m3-1c m3-1e m3-1g m3-1h m3-1i m3-1j\">Operation Dental sigue un procedimiento est\u00e1ndar de utilizaci\u00f3n de archivos de registro. Estos archivos registran a los visitantes cuando visitan los sitios web. Todas las empresas de alojamiento lo hacen y forman parte de los an\u00e1lisis de los servicios de alojamiento. La informaci\u00f3n recogida por los archivos de registro incluye direcciones de protocolo de Internet (IP), tipo de navegador, proveedor de servicios de Internet (ISP), fecha y hora, p\u00e1ginas de referencia\/salida y, posiblemente, el n\u00famero de clics. Estos datos no est\u00e1n vinculados a ninguna informaci\u00f3n que permita la identificaci\u00f3n personal. El prop\u00f3sito de la informaci\u00f3n es analizar tendencias, administrar el sitio, rastrear el movimiento de los usuarios en el sitio web y recopilar informaci\u00f3n demogr\u00e1fica. Nuestra Pol\u00edtica de Privacidad fue creada con la ayuda del Generador de Pol\u00edticas de Privacidad y el Generador de Pol\u00edticas de Privacidad Online.<\/div><div class=\"x-text x-content e3-e60 m3-16 m3-17 m3-18 m3-19 m3-1b m3-1c m3-1d m3-1e m3-1f\">Socios publicitarios Pol\u00edticas de privacidad<\/div><div class=\"x-text x-content e3-e61 m3-16 m3-17 m3-19 m3-1c m3-1e m3-1g m3-1h m3-1i m3-1j\">Puede consultar esta lista para encontrar la pol\u00edtica de privacidad de cada uno de los socios publicitarios de Operation Dental.\n<br\/><br\/>\nLos servidores o redes publicitarias de terceros utilizan tecnolog\u00edas como cookies, JavaScript o Web Beacons que se emplean en sus respectivos anuncios y enlaces que aparecen en Operation Dental y que se env\u00edan directamente a los navegadores de los usuarios. Reciben autom\u00e1ticamente su direcci\u00f3n IP cuando esto ocurre. Estas tecnolog\u00edas se utilizan para medir la eficacia de sus campa\u00f1as publicitarias y\/o para personalizar el contenido publicitario que usted ve en los sitios web que visita.\n<br\/><br\/>\nTenga en cuenta que Operation Dental no tiene acceso ni control sobre estas cookies que son utilizadas por terceros anunciantes.<\/div><div class=\"x-text x-content e3-e62 m3-16 m3-17 m3-18 m3-19 m3-1b m3-1c m3-1d m3-1e m3-1f\">Pol\u00edticas de privacidad de terceros<\/div><div class=\"x-text x-content e3-e63 m3-16 m3-17 m3-19 m3-1c m3-1e m3-1g m3-1h m3-1i m3-1j\">La Pol\u00edtica de Privacidad de Operation Dental no se aplica a otros anunciantes o sitios web. Por lo tanto, le aconsejamos que consulte las respectivas Pol\u00edticas de Privacidad de estos servidores de anuncios de terceros para obtener informaci\u00f3n m\u00e1s detallada. Puede incluir sus pr\u00e1cticas e instrucciones sobre c\u00f3mo optar por no participar en ciertas opciones.\n<br\/><br\/>\nPuede optar por desactivar las cookies a trav\u00e9s de las opciones individuales de su navegador. Para conocer informaci\u00f3n m\u00e1s detallada sobre la gesti\u00f3n de cookies con navegadores web espec\u00edficos, puede consultarse en los sitios web respectivos de los navegadores.<\/div><div class=\"x-text x-content e3-e64 m3-16 m3-17 m3-18 m3-19 m3-1b m3-1c m3-1d m3-1e m3-1f\">Derechos de privacidad CCPA (No vender mi informaci\u00f3n personal)<\/div><div class=\"x-div e3-e65 m3-1q m3-1r m3-1s m3-1t m3-1u m3-1v m3-22\"><div class=\"x-text x-content e3-e66 m3-16 m3-17 m3-18 m3-19 m3-1c m3-1e m3-1h m3-1i m3-1j\">En virtud de la CCPA, entre otros derechos, los consumidores de California tienen derecho a:<\/div><ul class=\"x-row e3-e67 m3-7 m3-b m3-d m3-j m3-l\"><div class=\"x-row-inner\"><li class=\"x-col e3-e68 m3-s m3-u m3-v m3-w m3-x m3-y m3-10 m3-11\"><figure class=\"x-div e3-e69 m3-1q m3-1r m3-1u m3-1x m3-1y m3-20 m3-23\"><span class=\"x-icon e3-e70 m3-25 m3-26\" aria-hidden=\"true\"><svg xmlns=\"http:\/\/www.w3.org\/2000\/svg\" viewbox=\"0 0 320 512\"><!--! Font Awesome Pro 6.7.2 by @fontawesome - https:\/\/fontawesome.com License - https:\/\/fontawesome.com\/license (Commercial License) Copyright 2024 Fonticons, Inc. --><path d=\"M0 256a160 160 0 1 1 320 0A160 160 0 1 1 0 256z\"\/><\/svg><\/span><\/figure><div class=\"x-div e3-e71 m3-1u m3-1v m3-20 m3-21\"><div class=\"x-text x-content e3-e72 m3-16 m3-17 m3-18 m3-1h m3-1j m3-1k m3-1l\">Solicitar que una empresa que recopila datos personales de un consumidor revele las categor\u00edas y los datos personales espec\u00edficos que ha recopilado sobre los consumidores.<\/div><\/div><\/li><li class=\"x-col e3-e73 m3-s m3-u m3-v m3-w m3-x m3-y m3-10 m3-11\"><figure class=\"x-div e3-e74 m3-1q m3-1r m3-1u m3-1x m3-1y m3-20 m3-23\"><span class=\"x-icon e3-e75 m3-25 m3-26\" aria-hidden=\"true\"><svg xmlns=\"http:\/\/www.w3.org\/2000\/svg\" viewbox=\"0 0 320 512\"><!--! Font Awesome Pro 6.7.2 by @fontawesome - https:\/\/fontawesome.com License - https:\/\/fontawesome.com\/license (Commercial License) Copyright 2024 Fonticons, Inc. --><path d=\"M0 256a160 160 0 1 1 320 0A160 160 0 1 1 0 256z\"\/><\/svg><\/span><\/figure><div class=\"x-div e3-e76 m3-1u m3-1v m3-20 m3-21\"><div class=\"x-text x-content e3-e77 m3-16 m3-17 m3-18 m3-1h m3-1j m3-1k m3-1l\">Solicitar que una empresa elimine cualquier dato personal sobre el consumidor que haya recopilado.<\/div><\/div><\/li><li class=\"x-col e3-e78 m3-s m3-u m3-v m3-w m3-x m3-y m3-10 m3-11\"><figure class=\"x-div e3-e79 m3-1q m3-1r m3-1u m3-1x m3-1y m3-20 m3-23\"><span class=\"x-icon e3-e80 m3-25 m3-26\" aria-hidden=\"true\"><svg xmlns=\"http:\/\/www.w3.org\/2000\/svg\" viewbox=\"0 0 320 512\"><!--! Font Awesome Pro 6.7.2 by @fontawesome - https:\/\/fontawesome.com License - https:\/\/fontawesome.com\/license (Commercial License) Copyright 2024 Fonticons, Inc. --><path d=\"M0 256a160 160 0 1 1 320 0A160 160 0 1 1 0 256z\"\/><\/svg><\/span><\/figure><div class=\"x-div e3-e81 m3-1u m3-1v m3-20 m3-21\"><div class=\"x-text x-content e3-e82 m3-16 m3-17 m3-18 m3-1h m3-1j m3-1k m3-1l\">Solicitar que una empresa que vende datos personales de un consumidor, no venda los datos personales del consumidor.<\/div><\/div><\/li><li class=\"x-col e3-e83 m3-s m3-u m3-v m3-w m3-x m3-y m3-10 m3-11\"><figure class=\"x-div e3-e84 m3-1q m3-1r m3-1u m3-1x m3-1y m3-20 m3-23\"><span class=\"x-icon e3-e85 m3-25 m3-26\" aria-hidden=\"true\"><svg xmlns=\"http:\/\/www.w3.org\/2000\/svg\" viewbox=\"0 0 320 512\"><!--! Font Awesome Pro 6.7.2 by @fontawesome - https:\/\/fontawesome.com License - https:\/\/fontawesome.com\/license (Commercial License) Copyright 2024 Fonticons, Inc. --><path d=\"M0 256a160 160 0 1 1 320 0A160 160 0 1 1 0 256z\"\/><\/svg><\/span><\/figure><div class=\"x-div e3-e86 m3-1u m3-1v m3-20 m3-21\"><div class=\"x-text x-content e3-e87 m3-16 m3-17 m3-18 m3-1h m3-1j m3-1k m3-1l\">Si realiza una solicitud, disponemos de un mes para responderle. Si desea ejercer alguno de estos derechos, p\u00f3ngase en contacto con nosotros.<\/div><\/div><\/li><\/div><\/ul><\/div><div class=\"x-text x-content e3-e88 m3-16 m3-17 m3-18 m3-19 m3-1b m3-1c m3-1d m3-1e m3-1f\">Derechos de protecci\u00f3n de datos GDPR<\/div><div class=\"x-div e3-e89 m3-1q m3-1r m3-1s m3-1t m3-1u m3-1v m3-22\"><div class=\"x-text x-content e3-e90 m3-16 m3-17 m3-18 m3-19 m3-1c m3-1e m3-1h m3-1i m3-1j\">Queremos asegurarnos de que conoce todos sus derechos en materia de protecci\u00f3n de datos. Todo usuario tiene derecho a lo siguiente:<\/div><ul class=\"x-row e3-e91 m3-7 m3-b m3-d m3-j m3-m\"><div class=\"x-row-inner\"><li class=\"x-col e3-e92 m3-s m3-u m3-v m3-w m3-x m3-y m3-10 m3-11\"><figure class=\"x-div e3-e93 m3-1q m3-1r m3-1u m3-1x m3-1y m3-20 m3-23\"><span class=\"x-icon e3-e94 m3-25 m3-26\" aria-hidden=\"true\"><svg xmlns=\"http:\/\/www.w3.org\/2000\/svg\" viewbox=\"0 0 320 512\"><!--! Font Awesome Pro 6.7.2 by @fontawesome - https:\/\/fontawesome.com License - https:\/\/fontawesome.com\/license (Commercial License) Copyright 2024 Fonticons, Inc. --><path d=\"M0 256a160 160 0 1 1 320 0A160 160 0 1 1 0 256z\"\/><\/svg><\/span><\/figure><div class=\"x-div e3-e95 m3-1u m3-1v m3-20 m3-21\"><div class=\"x-text x-content e3-e96 m3-16 m3-17 m3-18 m3-1h m3-1j m3-1k m3-1l\">Derecho de acceso - Tiene derecho a solicitar copias de sus datos personales. Es posible que le cobremos una peque\u00f1a cantidad por este servicio.<\/div><\/div><\/li><li class=\"x-col e3-e97 m3-s m3-u m3-v m3-w m3-x m3-y m3-10 m3-11\"><figure class=\"x-div e3-e98 m3-1q m3-1r m3-1u m3-1x m3-1y m3-20 m3-23\"><span class=\"x-icon e3-e99 m3-25 m3-26\" aria-hidden=\"true\"><svg xmlns=\"http:\/\/www.w3.org\/2000\/svg\" viewbox=\"0 0 320 512\"><!--! Font Awesome Pro 6.7.2 by @fontawesome - https:\/\/fontawesome.com License - https:\/\/fontawesome.com\/license (Commercial License) Copyright 2024 Fonticons, Inc. --><path d=\"M0 256a160 160 0 1 1 320 0A160 160 0 1 1 0 256z\"\/><\/svg><\/span><\/figure><div class=\"x-div e3-e100 m3-1u m3-1v m3-20 m3-21\"><div class=\"x-text x-content e3-e101 m3-16 m3-17 m3-18 m3-1h m3-1j m3-1k m3-1l\">Derecho de rectificaci\u00f3n - Tiene derecho a solicitar que corrijamos cualquier informaci\u00f3n que considere inexacta. Tambi\u00e9n tiene derecho a solicitar que completemos la informaci\u00f3n que considere incompleta.<\/div><\/div><\/li><li class=\"x-col e3-e102 m3-s m3-u m3-v m3-w m3-x m3-y m3-10 m3-11\"><figure class=\"x-div e3-e103 m3-1q m3-1r m3-1u m3-1x m3-1y m3-20 m3-23\"><span class=\"x-icon e3-e104 m3-25 m3-26\" aria-hidden=\"true\"><svg xmlns=\"http:\/\/www.w3.org\/2000\/svg\" viewbox=\"0 0 320 512\"><!--! Font Awesome Pro 6.7.2 by @fontawesome - https:\/\/fontawesome.com License - https:\/\/fontawesome.com\/license (Commercial License) Copyright 2024 Fonticons, Inc. --><path d=\"M0 256a160 160 0 1 1 320 0A160 160 0 1 1 0 256z\"\/><\/svg><\/span><\/figure><div class=\"x-div e3-e105 m3-1u m3-1v m3-20 m3-21\"><div class=\"x-text x-content e3-e106 m3-16 m3-17 m3-18 m3-1h m3-1j m3-1k m3-1l\">Derecho de supresi\u00f3n - Tiene derecho a solicitar que borremos sus datos personales, en determinadas condiciones.<\/div><\/div><\/li><li class=\"x-col e3-e107 m3-s m3-u m3-v m3-w m3-x m3-y m3-10 m3-11\"><figure class=\"x-div e3-e108 m3-1q m3-1r m3-1u m3-1x m3-1y m3-20 m3-23\"><span class=\"x-icon e3-e109 m3-25 m3-26\" aria-hidden=\"true\"><svg xmlns=\"http:\/\/www.w3.org\/2000\/svg\" viewbox=\"0 0 320 512\"><!--! Font Awesome Pro 6.7.2 by @fontawesome - https:\/\/fontawesome.com License - https:\/\/fontawesome.com\/license (Commercial License) Copyright 2024 Fonticons, Inc. --><path d=\"M0 256a160 160 0 1 1 320 0A160 160 0 1 1 0 256z\"\/><\/svg><\/span><\/figure><div class=\"x-div e3-e110 m3-1u m3-1v m3-20 m3-21\"><div class=\"x-text x-content e3-e111 m3-16 m3-17 m3-18 m3-1h m3-1j m3-1k m3-1l\">Derecho a restringir el tratamiento - Tiene derecho a solicitar que restrinjamos el tratamiento de sus datos personales, en determinadas condiciones.<\/div><\/div><\/li><li class=\"x-col e3-e112 m3-s m3-u m3-v m3-w m3-x m3-y m3-10 m3-11\"><figure class=\"x-div e3-e113 m3-1q m3-1r m3-1u m3-1x m3-1y m3-20 m3-23\"><span class=\"x-icon e3-e114 m3-25 m3-26\" aria-hidden=\"true\"><svg xmlns=\"http:\/\/www.w3.org\/2000\/svg\" viewbox=\"0 0 320 512\"><!--! Font Awesome Pro 6.7.2 by @fontawesome - https:\/\/fontawesome.com License - https:\/\/fontawesome.com\/license (Commercial License) Copyright 2024 Fonticons, Inc. --><path d=\"M0 256a160 160 0 1 1 320 0A160 160 0 1 1 0 256z\"\/><\/svg><\/span><\/figure><div class=\"x-div e3-e115 m3-1u m3-1v m3-20 m3-21\"><div class=\"x-text x-content e3-e116 m3-16 m3-17 m3-18 m3-1h m3-1j m3-1k m3-1l\">Derecho a oponerse al tratamiento - Usted tiene derecho a oponerse al tratamiento de sus datos personales por nuestra parte, en determinadas condiciones.<\/div><\/div><\/li><li class=\"x-col e3-e117 m3-s m3-u m3-v m3-w m3-x m3-y m3-10 m3-11\"><figure class=\"x-div e3-e118 m3-1q m3-1r m3-1u m3-1x m3-1y m3-20 m3-23\"><span class=\"x-icon e3-e119 m3-25 m3-26\" aria-hidden=\"true\"><svg xmlns=\"http:\/\/www.w3.org\/2000\/svg\" viewbox=\"0 0 320 512\"><!--! Font Awesome Pro 6.7.2 by @fontawesome - https:\/\/fontawesome.com License - https:\/\/fontawesome.com\/license (Commercial License) Copyright 2024 Fonticons, Inc. --><path d=\"M0 256a160 160 0 1 1 320 0A160 160 0 1 1 0 256z\"\/><\/svg><\/span><\/figure><div class=\"x-div e3-e120 m3-1u m3-1v m3-20 m3-21\"><div class=\"x-text x-content e3-e121 m3-16 m3-17 m3-18 m3-1h m3-1j m3-1k m3-1l\">Derecho a la portabilidad de los datos - Tiene derecho a solicitar que transfiramos los datos que hemos recopilado a otra organizaci\u00f3n, o directamente a usted, en determinadas condiciones.<\/div><\/div><\/li><li class=\"x-col e3-e122 m3-s m3-u m3-v m3-w m3-x m3-y m3-10 m3-11\"><figure class=\"x-div e3-e123 m3-1q m3-1r m3-1u m3-1x m3-1y m3-20 m3-23\"><span class=\"x-icon e3-e124 m3-25 m3-26\" aria-hidden=\"true\"><svg xmlns=\"http:\/\/www.w3.org\/2000\/svg\" viewbox=\"0 0 320 512\"><!--! Font Awesome Pro 6.7.2 by @fontawesome - https:\/\/fontawesome.com License - https:\/\/fontawesome.com\/license (Commercial License) Copyright 2024 Fonticons, Inc. --><path d=\"M0 256a160 160 0 1 1 320 0A160 160 0 1 1 0 256z\"\/><\/svg><\/span><\/figure><div class=\"x-div e3-e125 m3-1u m3-1v m3-20 m3-21\"><div class=\"x-text x-content e3-e126 m3-16 m3-17 m3-18 m3-1h m3-1j m3-1k m3-1l\">Si realiza una solicitud, disponemos de un mes para responderle. Si desea ejercer alguno de estos derechos, p\u00f3ngase en contacto con nosotros.<\/div><\/div><\/li><\/div><\/ul><\/div><div class=\"x-text x-content e3-e127 m3-16 m3-17 m3-18 m3-19 m3-1b m3-1c m3-1d m3-1e m3-1f\">Informaci\u00f3n infantil<\/div><div class=\"x-text x-content e3-e128 m3-16 m3-17 m3-19 m3-1c m3-1e m3-1g m3-1h m3-1i m3-1j\">Otra parte de nuestra prioridad es a\u00f1adir protecci\u00f3n para los ni\u00f1os mientras usan internet. Animamos a padres y tutores a que observen, participen y\/o supervisen y gu\u00eden su actividad en l\u00ednea.\n<br\/><br\/>\nOperation Dental no recopila a sabiendas ning\u00fan tipo de informaci\u00f3n personal identificable de ni\u00f1os menores de 13 a\u00f1os. Si cree que su hijo ha proporcionado este tipo de informaci\u00f3n en nuestro sitio web, le recomendamos encarecidamente que se ponga en contacto con nosotros inmediatamente y haremos todo lo posible por eliminar r\u00e1pidamente dicha informaci\u00f3n de nuestros registros.<\/div><\/div><\/div><\/div><\/div><div class=\"x-section e3-e129 m3-0 m3-1 m3-4\"><div class=\"x-row e3-e130 m3-6 m3-7 m3-b m3-e m3-n m3-o\"><div class=\"x-row-inner\"><div class=\"x-col e3-e131 m3-s m3-u\"><div class=\"x-section e3-e132-v0 m3-0 m3-1 m3-2\"><div class=\"x-row e3-e132-v1 m3-5 m3-6 m3-7 m3-9 m3-f m3-g m3-p\"><div class=\"x-bg\"><div class=\"x-bg-layer-lower-img\"><img decoding=\"async\" src=\"https:\/\/operationdental.com\/wp-content\/uploads\/2024\/10\/Homepage-Paths-1.png\" alt=\"Operation Dental Logo background\"\/><\/div><div class=\"x-bg-layer-upper-custom\" aria-hidden=\"true\"><div class=\"overlay\"><\/div><\/div><\/div><div class=\"x-row-inner\"><div class=\"x-col e3-e132-v2 m3-s m3-u m3-v m3-x m3-z m3-10 m3-12 m3-13\"><div class=\"x-text x-content e3-e132-v3 m3-16 m3-17 m3-18 m3-19 m3-1b m3-1m m3-1n\">\u00bfQuiere un futuro mejor en la odontolog\u00eda?<\/div><div class=\"x-text x-content e3-e132-v4 m3-17 m3-18 m3-19 m3-1b m3-1c m3-1n m3-1o\">Encuentre un camino mejor con la Operaci\u00f3n Dental: El DSO de las personas antes que los beneficios.<\/div><div class=\"x-anchor x-anchor-toggle e3-e132-v5 m3-28 m3-29\" tabindex=\"0\" role=\"button\" data-x-toggle=\"1\" data-x-toggleable=\"e3-e132-v5\" data-x-toggle-overlay=\"1\" aria-controls=\"e3-e132-v5-modal\" aria-expanded=\"false\" aria-haspopup=\"true\" aria-label=\"Alternar contenido modal\"><div class=\"x-anchor-content\"><div class=\"x-anchor-text\"><span class=\"x-anchor-text-primary\">Empiece hoy mismo<\/span><\/div><\/div><\/div><\/div><\/div><\/div><\/div><\/div><\/div><\/div><\/div><\/div>","protected":false},"excerpt":{"rendered":"<p>Pol\u00edtica de privacidadPol\u00edtica de privacidad de Operation DentalEn Operation Dental, accesible desde https:\/\/operationdental.com, una de nuestras principales prioridades es la privacidad de nuestros visitantes. Este documento de Pol\u00edtica de Privacidad contiene los tipos de informaci\u00f3n que es recogida y registrada por Operation Dental y c\u00f3mo la utilizamos. Si tiene preguntas adicionales o necesita m\u00e1s informaci\u00f3n sobre nuestra Pol\u00edtica de Privacidad, no dude en ... <\/p>\n<div><a href=\"https:\/\/operationdental.com\/es\/privacy-policy\/\" class=\"more-link\">Seguir leyendo<\/a><\/div>","protected":false},"author":1,"featured_media":0,"parent":0,"menu_order":0,"comment_status":"closed","ping_status":"open","template":"template-blank-4.php","meta":{"footnotes":""},"class_list":["post-3","page","type-page","status-publish","hentry","no-post-thumbnail"],"aioseo_notices":[],"_links":{"self":[{"href":"https:\/\/operationdental.com\/es\/wp-json\/wp\/v2\/pages\/3","targetHints":{"allow":["GET"]}}],"collection":[{"href":"https:\/\/operationdental.com\/es\/wp-json\/wp\/v2\/pages"}],"about":[{"href":"https:\/\/operationdental.com\/es\/wp-json\/wp\/v2\/types\/page"}],"author":[{"embeddable":true,"href":"https:\/\/operationdental.com\/es\/wp-json\/wp\/v2\/users\/1"}],"replies":[{"embeddable":true,"href":"https:\/\/operationdental.com\/es\/wp-json\/wp\/v2\/comments?post=3"}],"version-history":[{"count":0,"href":"https:\/\/operationdental.com\/es\/wp-json\/wp\/v2\/pages\/3\/revisions"}],"wp:attachment":[{"href":"https:\/\/operationdental.com\/es\/wp-json\/wp\/v2\/media?parent=3"}],"curies":[{"name":"wp","href":"https:\/\/api.w.org\/{rel}","templated":true}]}}