{"id":300,"date":"2021-02-04T20:21:57","date_gmt":"2021-02-04T20:21:57","guid":{"rendered":"https:\/\/operationdental.com\/matt-robinson\/"},"modified":"2026-03-19T19:09:23","modified_gmt":"2026-03-19T19:09:23","slug":"matt-robinson","status":"publish","type":"page","link":"https:\/\/operationdental.com\/es\/matt-robinson\/","title":{"rendered":"Matt Robinson"},"content":{"rendered":"<div id=\"cs-content\" class=\"cs-content\"><div class=\"x-section e300-e1 m8c-0 m8c-1 m8c-2\"><div class=\"x-row x-container max width e300-e2 m8c-5 m8c-6 m8c-7 m8c-8 m8c-9 m8c-a m8c-e m8c-f\"><div class=\"x-row-inner\"><div class=\"x-col e300-e3 m8c-m m8c-n\"><div class=\"x-text x-content e300-e4 m8c-w m8c-x m8c-y m8c-z m8c-10 m8c-11 m8c-12 m8c-13\"><span style=\"color: #3cbfd0;\">Matt Robinson,<\/span> MBA<\/div><div class=\"x-text x-content e300-e5 m8c-w m8c-x m8c-11 m8c-12 m8c-13 m8c-14 m8c-15\">Director de Operaciones<\/div><a class=\"x-div e300-e6 m8c-1i m8c-1j\" href=\"https:\/\/operationdental.com\/es\/about-us\/\"><div class=\"x-text x-content e300-e7 m8c-w m8c-x m8c-11 m8c-14 m8c-16 m8c-17\">Qui\u00e9nes somos<\/div><\/a><\/div><div class=\"x-col e300-e8 m8c-m m8c-o\"><\/div><\/div><\/div><\/div><div class=\"x-section e300-e9 m8c-0 m8c-2 m8c-3\"><div class=\"x-row x-container max width e300-e10 m8c-5 m8c-6 m8c-7 m8c-a m8c-b m8c-g\"><div class=\"x-row-inner\"><div class=\"x-col e300-e11 m8c-m m8c-o m8c-p m8c-q m8c-r\"><span class=\"x-image e300-e12 m8c-1l\"><img decoding=\"async\" src=\"https:\/\/operationdental.com\/wp-content\/uploads\/2026\/03\/Matt-Hi-res.jpg\" srcset=\"https:\/\/operationdental.com\/wp-content\/uploads\/2026\/03\/Matt-Hi-res.jpg 512w, https:\/\/operationdental.com\/wp-content\/uploads\/2026\/03\/Matt-Hi-res-300x300.jpg 300w, https:\/\/operationdental.com\/wp-content\/uploads\/2026\/03\/Matt-Hi-res-150x150.jpg 150w, https:\/\/operationdental.com\/wp-content\/uploads\/2026\/03\/Matt-Hi-res-12x12.jpg 12w, https:\/\/operationdental.com\/wp-content\/uploads\/2026\/03\/Matt-Hi-res-100x100.jpg 100w\" sizes=\"(max-width: 512px) 100vw, 512px\" alt=\"Matt Robinson, MBA Chief Operating Officer&#039;s Headshot\"><\/span><\/div><div class=\"x-col e300-e13 m8c-m m8c-o m8c-p m8c-q m8c-s\"><div class=\"x-text x-content e300-e14 m8c-x m8c-y m8c-11 m8c-13 m8c-18 m8c-19 m8c-1a m8c-1b m8c-1c\">El cofundador Matt Robinson aporta su visi\u00f3n empresarial a Operation Dental y su dedicaci\u00f3n a apoyar a los profesionales de la odontolog\u00eda. Conoci\u00f3 al Dr. Kelly tras conocer el impacto negativo de la odontolog\u00eda corporativa en las comunidades y ver la oportunidad de aportar su experiencia al servicio de los dentistas independientes y las consultas dentales que luchan por competir. Comenz\u00f3 su adoctrinamiento en el mundo de la odontolog\u00eda trabajando gratis en las consultas del Dr. Kelly, creando una asociaci\u00f3n din\u00e1mica que condujo a la formaci\u00f3n de Operation Dental.\n<br\/><br\/>\nMatt obtuvo un MBA en Marketing y Gesti\u00f3n de Rollins College y pas\u00f3 diez a\u00f1os en la gesti\u00f3n empresarial y de operaciones antes de formar equipo con el Dr. Kelly. Sigue investigando la cambiante industria dental para ofrecer el mejor apoyo posible utilizando conocimientos, perspicacia y un enfoque \u00fanico de gesti\u00f3n empresarial.<\/div><\/div><\/div><\/div><\/div><div class=\"x-section e300-e15 m8c-0 m8c-1 m8c-2\"><div class=\"x-row e300-e16 m8c-5 m8c-6 m8c-8 m8c-c m8c-h m8c-i\"><div class=\"x-row-inner\"><div class=\"x-col e300-e17 m8c-m m8c-o\"><div class=\"x-section e300-e18-v0 m8c-0 m8c-1 m8c-4\"><div class=\"x-row e300-e18-v1 m8c-6 m8c-8 m8c-9 m8c-a m8c-d m8c-e m8c-j\"><div class=\"x-bg\"><div class=\"x-bg-layer-lower-img\"><img decoding=\"async\" src=\"https:\/\/operationdental.com\/wp-content\/uploads\/2024\/10\/Homepage-Paths-1.png\" alt=\"Operation Dental Logo background\"\/><\/div><div class=\"x-bg-layer-upper-custom\" aria-hidden=\"true\"><div class=\"overlay\"><\/div><\/div><\/div><div class=\"x-row-inner\"><div class=\"x-col e300-e18-v2 m8c-m m8c-o m8c-p m8c-q m8c-r m8c-t\"><div class=\"x-text x-content e300-e18-v3 m8c-w m8c-x m8c-y m8c-10 m8c-13 m8c-15 m8c-1d m8c-1e\">\u00bfQuiere un futuro mejor en la odontolog\u00eda?<\/div><div class=\"x-text x-content e300-e18-v4 m8c-x m8c-y m8c-10 m8c-11 m8c-13 m8c-19 m8c-1e m8c-1f\">Encuentre un camino mejor con la Operaci\u00f3n Dental: El DSO de las personas antes que los beneficios.<\/div><div class=\"x-anchor x-anchor-toggle e300-e18-v5 m8c-1m m8c-1n\" tabindex=\"0\" role=\"button\" data-x-toggle=\"1\" data-x-toggleable=\"e300-e18-v5\" data-x-toggle-overlay=\"1\" aria-controls=\"e300-e18-v5-modal\" aria-expanded=\"false\" aria-haspopup=\"true\" aria-label=\"Alternar contenido modal\"><div class=\"x-anchor-content\"><div class=\"x-anchor-text\"><span class=\"x-anchor-text-primary\">Empiece hoy mismo<\/span><\/div><\/div><\/div><\/div><\/div><\/div><\/div><\/div><\/div><\/div><\/div><\/div>","protected":false},"excerpt":{"rendered":"<p>Matt Robinson, MBDirector de OperacionesSobre nosotrosEl cofundador Matt Robinson aporta su visi\u00f3n empresarial a Operation Dental y su dedicaci\u00f3n a apoyar a los profesionales de la odontolog\u00eda. Conoci\u00f3 al Dr. Kelly tras conocer el impacto negativo de la odontolog\u00eda corporativa en las comunidades y ver la oportunidad de aportar su experiencia al servicio de los dentistas independientes y las consultas dentales que luchan por competir. Comenz\u00f3 su adoctrinamiento ... <\/p>\n<div><a href=\"https:\/\/operationdental.com\/es\/matt-robinson\/\" class=\"more-link\">Seguir leyendo<\/a><\/div>","protected":false},"author":1,"featured_media":0,"parent":0,"menu_order":0,"comment_status":"closed","ping_status":"closed","template":"template-blank-4.php","meta":{"footnotes":""},"class_list":["post-300","page","type-page","status-publish","hentry","no-post-thumbnail"],"aioseo_notices":[],"_links":{"self":[{"href":"https:\/\/operationdental.com\/es\/wp-json\/wp\/v2\/pages\/300","targetHints":{"allow":["GET"]}}],"collection":[{"href":"https:\/\/operationdental.com\/es\/wp-json\/wp\/v2\/pages"}],"about":[{"href":"https:\/\/operationdental.com\/es\/wp-json\/wp\/v2\/types\/page"}],"author":[{"embeddable":true,"href":"https:\/\/operationdental.com\/es\/wp-json\/wp\/v2\/users\/1"}],"replies":[{"embeddable":true,"href":"https:\/\/operationdental.com\/es\/wp-json\/wp\/v2\/comments?post=300"}],"version-history":[{"count":0,"href":"https:\/\/operationdental.com\/es\/wp-json\/wp\/v2\/pages\/300\/revisions"}],"wp:attachment":[{"href":"https:\/\/operationdental.com\/es\/wp-json\/wp\/v2\/media?parent=300"}],"curies":[{"name":"wp","href":"https:\/\/api.w.org\/{rel}","templated":true}]}}