{"id":308,"date":"2021-02-04T20:31:56","date_gmt":"2021-02-04T20:31:56","guid":{"rendered":"https:\/\/operationdental.com\/jonathan-bunte\/"},"modified":"2025-12-22T14:56:56","modified_gmt":"2025-12-22T14:56:56","slug":"jonathan-bunte","status":"publish","type":"page","link":"https:\/\/operationdental.com\/es\/jonathan-bunte\/","title":{"rendered":"Jonathan Bunte"},"content":{"rendered":"<div id=\"cs-content\" class=\"cs-content\"><div class=\"x-section e308-e1 m8k-0 m8k-1 m8k-2\"><div class=\"x-row x-container max width e308-e2 m8k-5 m8k-6 m8k-7 m8k-8 m8k-9 m8k-a m8k-e m8k-f\"><div class=\"x-row-inner\"><div class=\"x-col e308-e3 m8k-m m8k-n\"><div class=\"x-text x-content e308-e4 m8k-w m8k-x m8k-y m8k-z m8k-10 m8k-11 m8k-12 m8k-13\"><span style=\"color: #3cbfd0;\">Jonathan Bunte<\/span><\/div><div class=\"x-text x-content e308-e5 m8k-w m8k-x m8k-11 m8k-12 m8k-13 m8k-14 m8k-15\">Director Financiero<\/div><a class=\"x-div e308-e6 m8k-1i m8k-1j\" href=\"https:\/\/operationdental.com\/es\/about-us\/\"><div class=\"x-text x-content e308-e7 m8k-w m8k-x m8k-11 m8k-14 m8k-16 m8k-17\">Qui\u00e9nes somos<\/div><\/a><\/div><div class=\"x-col e308-e8 m8k-m m8k-o\"><\/div><\/div><\/div><\/div><div class=\"x-section e308-e9 m8k-0 m8k-2 m8k-3\"><div class=\"x-row x-container max width e308-e10 m8k-5 m8k-6 m8k-7 m8k-a m8k-b m8k-g\"><div class=\"x-row-inner\"><div class=\"x-col e308-e11 m8k-m m8k-o m8k-p m8k-q m8k-r\"><span class=\"x-image e308-e12 m8k-1l\"><img decoding=\"async\" src=\"https:\/\/operationdental.com\/wp-content\/uploads\/2021\/04\/02_jonathan.png\" srcset=\"https:\/\/operationdental.com\/wp-content\/uploads\/2021\/04\/02_jonathan.png 400w, https:\/\/operationdental.com\/wp-content\/uploads\/2021\/04\/02_jonathan-300x300.png 300w, https:\/\/operationdental.com\/wp-content\/uploads\/2021\/04\/02_jonathan-150x150.png 150w, https:\/\/operationdental.com\/wp-content\/uploads\/2021\/04\/02_jonathan-100x100.png 100w\" sizes=\"(max-width: 400px) 100vw, 400px\" alt=\"Jonathan Bunte, Controller\"><\/span><\/div><div class=\"x-col e308-e13 m8k-m m8k-o m8k-p m8k-q m8k-s\"><div class=\"x-text x-content e308-e14 m8k-x m8k-y m8k-11 m8k-13 m8k-18 m8k-19 m8k-1a m8k-1b m8k-1c\">Jonathan Bunte ha trabajado con consultas dentales durante m\u00e1s de seis a\u00f1os, ayud\u00e1ndoles a crecer a trav\u00e9s de medidas de ahorro, an\u00e1lisis fiscal y gesti\u00f3n empresarial general.\n<br\/><br\/>\nJonathan trabaj\u00f3 en contabilidad p\u00fablica durante m\u00e1s de 13 a\u00f1os antes de incorporarse a Operation Dental y aporta inmensos conocimientos fiscales y contables. Traduce esta experiencia en estrategias de ahorro de costes e impuestos en toda la empresa y para los dentistas asociados.\n<br\/><br\/>\nSus mayores puntos fuertes son su dedicaci\u00f3n a la profesi\u00f3n y la continua adquisici\u00f3n de conocimientos para servir mejor a la empresa y a los socios.\n<br\/><br\/>\nJonathan es licenciado en Ciencias Contables por la Universidad del Sur de Florida. Actualmente est\u00e1 cursando un m\u00e1ster en contabilidad en la University of Southern New Hampshire.<\/div><\/div><\/div><\/div><\/div><div class=\"x-section e308-e15 m8k-0 m8k-1 m8k-2\"><div class=\"x-row e308-e16 m8k-5 m8k-6 m8k-8 m8k-c m8k-h m8k-i\"><div class=\"x-row-inner\"><div class=\"x-col e308-e17 m8k-m m8k-o\"><div class=\"x-section e308-e18-v0 m8k-0 m8k-1 m8k-4\"><div class=\"x-row e308-e18-v1 m8k-6 m8k-8 m8k-9 m8k-a m8k-d m8k-e m8k-j\"><div class=\"x-bg\"><div class=\"x-bg-layer-lower-img\"><img decoding=\"async\" src=\"https:\/\/operationdental.com\/wp-content\/uploads\/2024\/10\/Homepage-Paths-1.png\" alt=\"Operation Dental Logo background\"\/><\/div><div class=\"x-bg-layer-upper-custom\" aria-hidden=\"true\"><div class=\"overlay\"><\/div><\/div><\/div><div class=\"x-row-inner\"><div class=\"x-col e308-e18-v2 m8k-m m8k-o m8k-p m8k-q m8k-r m8k-t\"><div class=\"x-text x-content e308-e18-v3 m8k-w m8k-x m8k-y m8k-10 m8k-13 m8k-15 m8k-1d m8k-1e\">\u00bfQuiere un futuro mejor en la odontolog\u00eda?<\/div><div class=\"x-text x-content e308-e18-v4 m8k-x m8k-y m8k-10 m8k-11 m8k-13 m8k-19 m8k-1e m8k-1f\">Encuentre un camino mejor con la Operaci\u00f3n Dental: El DSO de las personas antes que los beneficios.<\/div><div class=\"x-anchor x-anchor-toggle e308-e18-v5 m8k-1m m8k-1n\" tabindex=\"0\" role=\"button\" data-x-toggle=\"1\" data-x-toggleable=\"e308-e18-v5\" data-x-toggle-overlay=\"1\" aria-controls=\"e308-e18-v5-modal\" aria-expanded=\"false\" aria-haspopup=\"true\" aria-label=\"Alternar contenido modal\"><div class=\"x-anchor-content\"><div class=\"x-anchor-text\"><span class=\"x-anchor-text-primary\">Empiece hoy mismo<\/span><\/div><\/div><\/div><\/div><\/div><\/div><\/div><\/div><\/div><\/div><\/div><\/div>","protected":false},"excerpt":{"rendered":"<p>Jonathan BunteDirector FinancieroSobre nosotrosJonathan Bunte ha trabajado con consultas dentales durante m\u00e1s de seis a\u00f1os, ayud\u00e1ndoles a crecer a trav\u00e9s de medidas de ahorro de costes, an\u00e1lisis fiscal y gesti\u00f3n empresarial general. Jonathan trabaj\u00f3 en la contabilidad p\u00fablica durante m\u00e1s de 13 a\u00f1os antes de unirse a Operation Dental y trae consigo inmensos conocimientos fiscales y contables. Traduce esta experiencia en estrategias de ahorro de costes e impuestos en ... <\/p>\n<div><a href=\"https:\/\/operationdental.com\/es\/jonathan-bunte\/\" class=\"more-link\">Seguir leyendo<\/a><\/div>","protected":false},"author":1,"featured_media":0,"parent":0,"menu_order":0,"comment_status":"closed","ping_status":"closed","template":"template-blank-4.php","meta":{"footnotes":""},"class_list":["post-308","page","type-page","status-publish","hentry","no-post-thumbnail"],"aioseo_notices":[],"_links":{"self":[{"href":"https:\/\/operationdental.com\/es\/wp-json\/wp\/v2\/pages\/308","targetHints":{"allow":["GET"]}}],"collection":[{"href":"https:\/\/operationdental.com\/es\/wp-json\/wp\/v2\/pages"}],"about":[{"href":"https:\/\/operationdental.com\/es\/wp-json\/wp\/v2\/types\/page"}],"author":[{"embeddable":true,"href":"https:\/\/operationdental.com\/es\/wp-json\/wp\/v2\/users\/1"}],"replies":[{"embeddable":true,"href":"https:\/\/operationdental.com\/es\/wp-json\/wp\/v2\/comments?post=308"}],"version-history":[{"count":0,"href":"https:\/\/operationdental.com\/es\/wp-json\/wp\/v2\/pages\/308\/revisions"}],"wp:attachment":[{"href":"https:\/\/operationdental.com\/es\/wp-json\/wp\/v2\/media?parent=308"}],"curies":[{"name":"wp","href":"https:\/\/api.w.org\/{rel}","templated":true}]}}