{"id":803,"date":"2021-08-20T14:05:17","date_gmt":"2021-08-20T14:05:17","guid":{"rendered":"https:\/\/operationdental.com\/testimonials\/"},"modified":"2026-01-22T18:32:40","modified_gmt":"2026-01-22T18:32:40","slug":"testimonials","status":"publish","type":"page","link":"https:\/\/operationdental.com\/es\/testimonials\/","title":{"rendered":"Testimonios"},"content":{"rendered":"<div id=\"cs-content\" class=\"cs-content\"><div class=\"x-section e803-e1 mmb-0 mmb-1 mmb-2 mmb-3 mmb-4\"><div class=\"x-row x-container max width e803-e2 mmb-9 mmb-a mmb-b mmb-c mmb-d mmb-e mmb-k mmb-l\"><div class=\"x-row-inner\"><div class=\"x-col e803-e3 mmb-t mmb-u\"><div class=\"x-text x-content e803-e4 mmb-14 mmb-15 mmb-16 mmb-17 mmb-18 mmb-19 mmb-1a\">Por qu\u00e9 trabajar con nosotros <span style=\"color: #3cbfd0;\">\u00bfSatisfactorio, lucrativo y \u00fanico?<\/span><\/div><div class=\"x-text x-content e803-e5 mmb-14 mmb-15 mmb-19 mmb-1a mmb-1b mmb-1c\">Escuche por qu\u00e9 a nuestros dentistas les apasiona la Operaci\u00f3n Dental.<\/div><\/div><div class=\"x-col x-hide-lg x-hide-md x-hide-sm x-hide-xl x-hide-xs e803-e6 mmb-t mmb-v mmb-w mmb-x mmb-y\"><div class=\"cs-content x-global-block x-global-block-211 x-hide-lg x-hide-md x-hide-sm x-hide-xl x-hide-xs e803-e7\"><div style=\"padding: 35px; line-height: 1.5; text-align: center; color: #000; background-color: #fff;\">No se puede localizar el bloque global: 211<\/div><\/div><\/div><\/div><\/div><\/div><div class=\"x-section e803-e8 mmb-1 mmb-3 mmb-4 mmb-5 mmb-6\"><div class=\"x-row x-container max width e803-e9 mmb-9 mmb-a mmb-b mmb-c mmb-e mmb-f mmb-m\"><div class=\"x-row-inner\"><div class=\"x-col e803-e10 mmb-t mmb-u\"><div class=\"x-text x-content e803-e11 mmb-15 mmb-16 mmb-19 mmb-1d mmb-1e mmb-1f mmb-1g mmb-1h\">Como empresa impulsada por el liderazgo de servicio, Operation Dental se dedica a capacitar a los dentistas para ejercer de una manera que apoye sus objetivos cl\u00ednicos, financieros y vitales. Nos esforzamos por ofrecer a nuestros empleados las oportunidades y el apoyo que pueden haber carecido en otros lugares.<\/div><div class=\"x-text x-content e803-e12 mmb-14 mmb-15 mmb-16 mmb-19 mmb-1f mmb-1g mmb-1h\">Tanto si es un dentista asociado al principio de su carrera, como si busca oportunidades de propiedad o est\u00e1 en transici\u00f3n hacia la jubilaci\u00f3n, le ofrecemos un ambiente \u00fanico para el \u00e9xito. Escuche directamente de nuestros dentistas por qu\u00e9 <span style=\"color: #2d95a2;\">trabajar para Operation Dental ha cambiado sus carreras y sus vidas a mejor.<\/span><\/div><\/div><\/div><\/div><\/div><div class=\"x-section e803-e13 mmb-0 mmb-1 mmb-4 mmb-7\"><div class=\"x-row x-container max width e803-e14 mmb-9 mmb-b mmb-c mmb-g mmb-h mmb-n mmb-o\"><div class=\"x-row-inner\"><div class=\"x-col e803-e15 mmb-t mmb-u mmb-z\"><div class=\"x-text x-content e803-e16 mmb-14 mmb-15 mmb-16 mmb-18 mmb-19 mmb-1i mmb-1j\"><span style=\"color: #2d95a2;\">Dentista<\/span> Testimonios<\/div><\/div><\/div><\/div><div class=\"x-grid x-container max width e803-e17 mmb-1o\"><div class=\"x-cell e803-e18 mmb-1p\"><div class=\"x-div e803-e19-v0 mmb-1q mmb-1r\"><div class=\"x-frame x-frame-video-embed e803-e19-v1 mmb-1t mmb-1u\"><div class=\"x-frame-inner\"><div class=\"x-video x-video-embed\"><div class=\"x-resp-embed x-is-video x-is-youtube\"><iframe title=\"El Dr. Derek Stallard habla de su significativo viaje con Operation Dental\" width=\"1480\" height=\"833\" src=\"https:\/\/www.youtube.com\/embed\/_5haV6Rn9n8?feature=oembed\" frameborder=\"0\" allow=\"accelerometer; autoplay; clipboard-write; encrypted-media; gyroscope; picture-in-picture; web-share\" referrerpolicy=\"strict-origin-when-cross-origin\" allowfullscreen><\/iframe><\/div><\/div><\/div><\/div><\/div><\/div><div class=\"x-cell e803-e20 mmb-1p\"><div class=\"x-div e803-e21-v0 mmb-1q mmb-1r\"><div class=\"x-frame x-frame-video-embed e803-e21-v1 mmb-1t mmb-1u\"><div class=\"x-frame-inner\"><div class=\"x-video x-video-embed\"><div class=\"x-resp-embed x-is-video x-is-youtube\"><iframe title=\"La Dra. Ad\u00e8le Mirbey-Stallard sobre la propiedad de la consulta con Operation Dental.\" width=\"1480\" height=\"833\" src=\"https:\/\/www.youtube.com\/embed\/Eg-vBf5_AhQ?feature=oembed\" frameborder=\"0\" allow=\"accelerometer; autoplay; clipboard-write; encrypted-media; gyroscope; picture-in-picture; web-share\" referrerpolicy=\"strict-origin-when-cross-origin\" allowfullscreen><\/iframe><\/div><\/div><\/div><\/div><\/div><\/div><div class=\"x-cell e803-e22 mmb-1p\"><div class=\"x-div e803-e23-v0 mmb-1q mmb-1r\"><div class=\"x-frame x-frame-video-embed e803-e23-v1 mmb-1t mmb-1u\"><div class=\"x-frame-inner\"><div class=\"x-video x-video-embed\"><div class=\"x-resp-embed x-is-video x-is-youtube\"><iframe title=\"El Dr. Lyman habla de las asociaciones dentales con Operation Dental\" width=\"1480\" height=\"833\" src=\"https:\/\/www.youtube.com\/embed\/i33Sz86CGL0?feature=oembed\" frameborder=\"0\" allow=\"accelerometer; autoplay; clipboard-write; encrypted-media; gyroscope; picture-in-picture; web-share\" referrerpolicy=\"strict-origin-when-cross-origin\" allowfullscreen><\/iframe><\/div><\/div><\/div><\/div><\/div><\/div><div class=\"x-cell e803-e24 mmb-1p\"><div class=\"x-div e803-e25-v0 mmb-1q mmb-1r\"><div class=\"x-frame x-frame-video-embed e803-e25-v1 mmb-1t mmb-1u\"><div class=\"x-frame-inner\"><div class=\"x-video x-video-embed\"><div class=\"x-resp-embed x-is-video x-is-youtube\"><iframe title=\"\u00c9xito del Dr. Steven Calhoun con la Operaci\u00f3n Dental\" width=\"1480\" height=\"833\" src=\"https:\/\/www.youtube.com\/embed\/-35C_rfE6A8?feature=oembed\" frameborder=\"0\" allow=\"accelerometer; autoplay; clipboard-write; encrypted-media; gyroscope; picture-in-picture; web-share\" referrerpolicy=\"strict-origin-when-cross-origin\" allowfullscreen><\/iframe><\/div><\/div><\/div><\/div><\/div><\/div><div class=\"x-cell e803-e26 mmb-1p\"><div class=\"x-div e803-e27-v0 mmb-1q mmb-1r\"><div class=\"x-frame x-frame-video-embed e803-e27-v1 mmb-1t mmb-1u\"><div class=\"x-frame-inner\"><div class=\"x-video x-video-embed\"><div class=\"x-resp-embed x-is-video x-is-youtube\"><iframe title=\"El Dr. Darryl Tarver sobre el crecimiento de su carrera con Operation Dental\" width=\"1480\" height=\"833\" src=\"https:\/\/www.youtube.com\/embed\/OUg4FLvLOVM?feature=oembed\" frameborder=\"0\" allow=\"accelerometer; autoplay; clipboard-write; encrypted-media; gyroscope; picture-in-picture; web-share\" referrerpolicy=\"strict-origin-when-cross-origin\" allowfullscreen><\/iframe><\/div><\/div><\/div><\/div><\/div><\/div><div class=\"x-cell e803-e28 mmb-1p\"><div class=\"x-div e803-e29-v0 mmb-1q mmb-1r\"><div class=\"x-frame x-frame-video-embed e803-e29-v1 mmb-1t mmb-1u\"><div class=\"x-frame-inner\"><div class=\"x-video x-video-embed\"><div class=\"x-resp-embed x-is-video x-is-youtube\"><iframe title=\"El Dr. Mark Wells habla de construir un futuro mejor con la Operaci\u00f3n Dental\" width=\"1480\" height=\"833\" src=\"https:\/\/www.youtube.com\/embed\/wivoyJaQhCQ?feature=oembed\" frameborder=\"0\" allow=\"accelerometer; autoplay; clipboard-write; encrypted-media; gyroscope; picture-in-picture; web-share\" referrerpolicy=\"strict-origin-when-cross-origin\" allowfullscreen><\/iframe><\/div><\/div><\/div><\/div><\/div><\/div><div class=\"x-cell e803-e30 mmb-1p\"><div class=\"x-div e803-e31-v0 mmb-1q mmb-1r\"><div class=\"x-frame x-frame-video-embed e803-e31-v1 mmb-1t mmb-1u\"><div class=\"x-frame-inner\"><div class=\"x-video x-video-embed\"><div class=\"x-resp-embed x-is-video x-is-youtube\"><iframe title=\"El Dr. Tim Davidson habla de la atm\u00f3sfera positiva y de apoyo de Operation Dental\" width=\"1480\" height=\"833\" src=\"https:\/\/www.youtube.com\/embed\/giLiF7lFeJ4?feature=oembed\" frameborder=\"0\" allow=\"accelerometer; autoplay; clipboard-write; encrypted-media; gyroscope; picture-in-picture; web-share\" referrerpolicy=\"strict-origin-when-cross-origin\" allowfullscreen><\/iframe><\/div><\/div><\/div><\/div><\/div><\/div><div class=\"x-cell e803-e32 mmb-1p\"><div class=\"x-div e803-e33-v0 mmb-1q mmb-1r\"><div class=\"x-frame x-frame-video-embed e803-e33-v1 mmb-1t mmb-1u\"><div class=\"x-frame-inner\"><div class=\"x-video x-video-embed\"><div class=\"x-resp-embed x-is-video x-is-youtube\"><iframe title=\"La Dra. Lery Bonnin habla de c\u00f3mo encontrar el equilibrio perfecto con la Operaci\u00f3n Dental\" width=\"1480\" height=\"833\" src=\"https:\/\/www.youtube.com\/embed\/auk3FgDpS8s?feature=oembed\" frameborder=\"0\" allow=\"accelerometer; autoplay; clipboard-write; encrypted-media; gyroscope; picture-in-picture; web-share\" referrerpolicy=\"strict-origin-when-cross-origin\" allowfullscreen><\/iframe><\/div><\/div><\/div><\/div><\/div><\/div><\/div><\/div><div class=\"x-section e803-e34 mmb-0 mmb-1 mmb-3 mmb-4 mmb-6\"><div class=\"x-row e803-e35 mmb-9 mmb-a mmb-b mmb-h mmb-i mmb-n mmb-p\"><div class=\"x-row-inner\"><div class=\"x-col e803-e36 mmb-t mmb-u\"><div class=\"x-section e803-e37-v0 mmb-0 mmb-1 mmb-3 mmb-6 mmb-8\"><div class=\"x-row e803-e37-v1 mmb-a mmb-b mmb-d mmb-e mmb-j mmb-k mmb-q\"><div class=\"x-bg\"><div class=\"x-bg-layer-lower-img\"><img decoding=\"async\" src=\"https:\/\/operationdental.com\/wp-content\/uploads\/2024\/10\/Homepage-Paths-1.png\" alt=\"Operation Dental Logo background\"\/><\/div><div class=\"x-bg-layer-upper-custom\" aria-hidden=\"true\"><div class=\"overlay\"><\/div><\/div><\/div><div class=\"x-row-inner\"><div class=\"x-col e803-e37-v2 mmb-t mmb-u mmb-v mmb-w mmb-10 mmb-11\"><div class=\"x-text x-content e803-e37-v3 mmb-14 mmb-15 mmb-16 mmb-18 mmb-1c mmb-1j mmb-1k\">\u00bfEst\u00e1 preparado para experimentar la diferencia de Operation Dental?<\/div><div class=\"x-text x-content e803-e37-v4 mmb-15 mmb-16 mmb-18 mmb-19 mmb-1d mmb-1j mmb-1l\">Convierta sus objetivos en realidad con un grupo odontol\u00f3gico que antepone las personas a los beneficios.<\/div><div class=\"x-anchor x-anchor-toggle e803-e37-v5 mmb-1v mmb-1w\" tabindex=\"0\" role=\"button\" data-x-toggle=\"1\" data-x-toggleable=\"e803-e37-v5\" data-x-toggle-overlay=\"1\" aria-controls=\"e803-e37-v5-modal\" aria-expanded=\"false\" aria-haspopup=\"true\" aria-label=\"Alternar contenido modal\"><div class=\"x-anchor-content\"><div class=\"x-anchor-text\"><span class=\"x-anchor-text-primary\">Empiece hoy mismo<\/span><\/div><\/div><\/div><\/div><\/div><\/div><\/div><\/div><\/div><\/div><\/div><\/div>","protected":false},"excerpt":{"rendered":"<p>\u00bfQu\u00e9 hace que trabajar con nosotros sea gratificante, lucrativo y \u00fanico? Descubra por qu\u00e9 nuestros dentistas sienten pasi\u00f3n por Operation Dental. No se ha podido localizar Global Block: 211. Como empresa impulsada por el liderazgo de servicio, Operation Dental se dedica a capacitar a los dentistas para que ejerzan su profesi\u00f3n de una manera que les permita alcanzar sus objetivos cl\u00ednicos, financieros y vitales. Nos esforzamos por proporcionar a nuestros empleados las oportunidades y el apoyo que... <\/p>\n<div><a href=\"https:\/\/operationdental.com\/es\/testimonials\/\" class=\"more-link\">Seguir leyendo<\/a><\/div>","protected":false},"author":1,"featured_media":0,"parent":0,"menu_order":0,"comment_status":"closed","ping_status":"closed","template":"template-blank-4.php","meta":{"footnotes":""},"class_list":["post-803","page","type-page","status-publish","hentry","no-post-thumbnail"],"aioseo_notices":[],"_links":{"self":[{"href":"https:\/\/operationdental.com\/es\/wp-json\/wp\/v2\/pages\/803","targetHints":{"allow":["GET"]}}],"collection":[{"href":"https:\/\/operationdental.com\/es\/wp-json\/wp\/v2\/pages"}],"about":[{"href":"https:\/\/operationdental.com\/es\/wp-json\/wp\/v2\/types\/page"}],"author":[{"embeddable":true,"href":"https:\/\/operationdental.com\/es\/wp-json\/wp\/v2\/users\/1"}],"replies":[{"embeddable":true,"href":"https:\/\/operationdental.com\/es\/wp-json\/wp\/v2\/comments?post=803"}],"version-history":[{"count":0,"href":"https:\/\/operationdental.com\/es\/wp-json\/wp\/v2\/pages\/803\/revisions"}],"wp:attachment":[{"href":"https:\/\/operationdental.com\/es\/wp-json\/wp\/v2\/media?parent=803"}],"curies":[{"name":"wp","href":"https:\/\/api.w.org\/{rel}","templated":true}]}}